
{"id":72,"date":"2022-09-13T13:51:42","date_gmt":"2022-09-13T17:51:42","guid":{"rendered":"https:\/\/pimlico.wpengine.com\/?page_id=72"},"modified":"2025-06-20T13:01:51","modified_gmt":"2025-06-20T17:01:51","slug":"academics","status":"publish","type":"page","link":"https:\/\/wearefrederick.org\/fr\/academics\/","title":{"rendered":"Universitaires"},"content":{"rendered":"<div id=\"fws_69e78bd89c361\"  data-column-margin=\"10px\" data-midnight=\"light\"  class=\"wpb_row vc_row-fluid vc_row full-width-section has-row-bg-color vc_row-o-equal-height vc_row-flex vc_row-o-content-middle\"  style=\"padding-top: 0px; padding-bottom: 0px; --row-bg-color: #0a149f;\"><div class=\"row-bg-wrap\" data-bg-animation=\"none\" data-bg-animation-delay=\"\" data-bg-overlay=\"false\"><div class=\"inner-wrap row-bg-layer\" ><div class=\"row-bg viewport-desktop using-bg-color\"  style=\"background-color: #0a149f; \"><\/div><\/div><\/div><div class=\"row_col_wrap_12 col span_12 light right\">\n\t<div  class=\"vc_col-sm-6 vc_col-xs-12 wpb_column column_container vc_column_container col padding-8-percent force-phone-text-align-center inherit_tablet padding-2-percent_phone\"  data-padding-pos=\"all\" data-has-bg-color=\"false\" data-bg-color=\"\" data-bg-opacity=\"1\" data-animation=\"\" data-delay=\"0\" >\n\t\t<div class=\"vc_column-inner\" >\n\t\t\t<div class=\"wpb_wrapper\">\n\t\t\t\t\n<div class=\"wpb_text_column wpb_content_element\" >\n\t<h1>Universitaires<\/h1>\n<\/div>\n\n\n\n\n\t\t\t<\/div> \n\t\t<\/div>\n\t<\/div> \n\n\t<div style=\"\" class=\"vc_col-sm-3 vc_col-xs-6 wpb_column column_container vc_column_container col no-extra-padding inherit_tablet padding-8-percent_phone\" data-using-bg=\"true\" data-bg-cover=\"true\" data-padding-pos=\"all\" data-has-bg-color=\"false\" data-bg-color=\"\" data-bg-opacity=\"1\" data-animation=\"\" data-delay=\"0\" >\n\t\t<div class=\"vc_column-inner\" ><div class=\"column-image-bg-wrap column-bg-layer viewport-desktop\" data-bg-pos=\"center center\" data-bg-animation=\"none\" data-bg-overlay=\"false\"><div class=\"inner-wrap\"><div class=\"column-image-bg\" style=\" background-image: url('https:\/\/wearefrederick.org\/wp-content\/uploads\/2024\/10\/Frederick396.jpg'); \"><\/div><\/div><\/div>\n\t\t\t<div class=\"wpb_wrapper\">\n\t\t\t\t\n\t\t\t<\/div> \n\t\t<\/div>\n\t<\/div> \n\n\t<div style=\"\" class=\"vc_col-sm-3 vc_col-xs-6 wpb_column column_container vc_column_container col no-extra-padding inherit_tablet padding-8-percent_phone\" data-using-bg=\"true\" data-bg-cover=\"true\" data-padding-pos=\"all\" data-has-bg-color=\"false\" data-bg-color=\"\" data-bg-opacity=\"1\" data-animation=\"\" data-delay=\"0\" >\n\t\t<div class=\"vc_column-inner\" ><div class=\"column-image-bg-wrap column-bg-layer viewport-desktop\" data-bg-pos=\"center center\" data-bg-animation=\"none\" data-bg-overlay=\"false\"><div class=\"inner-wrap\"><div class=\"column-image-bg\" style=\" background-image: url('https:\/\/wearefrederick.org\/wp-content\/uploads\/2024\/10\/Frederick613.jpg'); \"><\/div><\/div><\/div>\n\t\t\t<div class=\"wpb_wrapper\">\n\t\t\t\t\n\t\t\t<\/div> \n\t\t<\/div>\n\t<\/div> \n<\/div><\/div>\n\t\t<div id=\"home\"  data-column-margin=\"90px\" data-midnight=\"dark\"  class=\"wpb_row vc_row-fluid vc_row full-width-section has-row-bg-color vc_row-o-equal-height vc_row-flex vc_row-o-content-middle  reverse_columns_column_tablet reverse_columns_column_phone top_padding_tablet_8pct bottom_padding_tablet_8pct\"  style=\"padding-top: 0px; padding-bottom: 0px; --row-bg-color: #ffffff;\"><div class=\"row-bg-wrap\" data-bg-animation=\"none\" data-bg-animation-delay=\"\" data-bg-overlay=\"false\"><div class=\"inner-wrap row-bg-layer\" ><div class=\"row-bg viewport-desktop using-bg-color\"  style=\"background-color: #ffffff; \"><\/div><\/div><\/div><div class=\"row_col_wrap_12 col span_12 dark left\">\n\t<div style=\"\" class=\"vc_col-sm-6 vc_col-xs-12 wpb_column column_container vc_column_container col no-extra-padding inherit_tablet inherit_phone\" data-using-bg=\"true\" data-bg-cover=\"true\" data-padding-pos=\"all\" data-has-bg-color=\"false\" data-bg-color=\"\" data-bg-opacity=\"1\" data-animation=\"\" data-delay=\"0\" >\n\t\t<div class=\"vc_column-inner\" ><div class=\"column-image-bg-wrap column-bg-layer viewport-desktop\" data-bg-pos=\"center center\" data-bg-animation=\"none\" data-bg-overlay=\"false\"><div class=\"inner-wrap\"><div class=\"column-image-bg\" style=\" background-image: url('https:\/\/wearefrederick.org\/wp-content\/uploads\/2025\/06\/Frederick_Graduation_032-scaled.jpeg'); \"><\/div><\/div><\/div>\n\t\t\t<div class=\"wpb_wrapper\">\n\t\t\t\t<div class=\"divider-wrap height_tablet_40vh height_phone_300px\" data-alignment=\"default\"><div style=\"height: 30vh;\" class=\"divider\"><\/div><\/div>\n\t\t\t<\/div> \n\t\t<\/div>\n\t<\/div> \n\n\t<div style=\"z-index: 100; \" class=\"vc_col-sm-6 vc_col-xs-12 wpb_column column_container vc_column_container col padding-4-percent el_spacing_10px no-extra-padding_tablet no-extra-padding_phone\"  data-padding-pos=\"right\" data-has-bg-color=\"false\" data-bg-color=\"\" data-bg-opacity=\"1\" data-animation=\"\" data-delay=\"0\" >\n\t\t<div class=\"vc_column-inner\" >\n\t\t\t<div class=\"wpb_wrapper\">\n\t\t\t\t<div id=\"fws_69e78bd89e124\" data-midnight=\"\" data-column-margin=\"default\" class=\"wpb_row vc_row-fluid vc_row inner_row\"  style=\"\"><div class=\"row-bg-wrap\"> <div class=\"row-bg\" ><\/div> <\/div><div class=\"row_col_wrap_12_inner col span_12  left\">\n\t<div  class=\"vc_col-sm-12 wpb_column column_container vc_column_container col child_column has-animation no-extra-padding el_spacing_5px inherit_tablet inherit_phone\"   data-padding-pos=\"all\" data-has-bg-color=\"false\" data-bg-color=\"\" data-bg-opacity=\"1\" data-animation=\"fade-in-from-bottom\" data-delay=\"0\" >\n\t\t<div class=\"vc_column-inner\" >\n\t\t<div class=\"wpb_wrapper\">\n\t\t\t\n<div class=\"wpb_text_column wpb_content_element  vc_custom_1730138074458\" >\n\t<h2><span style=\"color: #0a149f;\">L\u00e0 o\u00f9 l&#039;\u00e9ducation est une lib\u00e9ration<\/span><\/h2>\n<p>\u00c0 la FES, nous croyons que l\u2019\u00e9ducation a le pouvoir de lib\u00e9rer les gens. Lorsque les \u00e9l\u00e8ves apprennent, ils acqui\u00e8rent les connaissances et les comp\u00e9tences n\u00e9cessaires pour faire de meilleurs choix pour eux-m\u00eames et pour leur communaut\u00e9. L\u2019\u00e9ducation contribue \u00e0 faire tomber les barri\u00e8res, en donnant \u00e0 chacun la possibilit\u00e9 de r\u00e9ussir, peu importe d\u2019o\u00f9 il vient.<\/p>\n<p>Ici, l\u2019\u00e9ducation ne consiste pas seulement \u00e0 obtenir de bonnes notes ; il s\u2019agit de donner aux \u00e9tudiants les moyens d\u2019atteindre leur plein potentiel.<\/p>\n<\/div>\n\n\n\n\n\t\t<\/div> \n\t<\/div>\n\t<\/div> \n<\/div><\/div>\n\t\t\t<\/div> \n\t\t<\/div>\n\t<\/div> \n<\/div><\/div>\n\t\t<div id=\"home\"  data-column-margin=\"90px\" data-midnight=\"dark\"  class=\"wpb_row vc_row-fluid vc_row full-width-section has-row-bg-color vc_row-o-equal-height vc_row-flex vc_row-o-content-middle  reverse_columns_column_tablet reverse_columns_column_phone top_padding_tablet_8pct bottom_padding_tablet_8pct\"  style=\"padding-top: 0px; padding-bottom: 0px; --row-bg-color: #ffffff;\"><div class=\"row-bg-wrap\" data-bg-animation=\"none\" data-bg-animation-delay=\"\" data-bg-overlay=\"false\"><div class=\"inner-wrap row-bg-layer\" ><div class=\"row-bg viewport-desktop using-bg-color\"  style=\"background-color: #ffffff; \"><\/div><\/div><\/div><div class=\"row_col_wrap_12 col span_12 dark left\">\n\t<div style=\"z-index: 100; \" class=\"vc_col-sm-6 vc_col-xs-12 wpb_column column_container vc_column_container col padding-2-percent el_spacing_10px no-extra-padding_tablet no-extra-padding_phone\"  data-padding-pos=\"all\" data-has-bg-color=\"false\" data-bg-color=\"\" data-bg-opacity=\"1\" data-animation=\"\" data-delay=\"0\" >\n\t\t<div class=\"vc_column-inner\" >\n\t\t\t<div class=\"wpb_wrapper\">\n\t\t\t\t<div id=\"fws_69e78bd89e5af\" data-midnight=\"\" data-column-margin=\"default\" class=\"wpb_row vc_row-fluid vc_row inner_row\"  style=\"\"><div class=\"row-bg-wrap\"> <div class=\"row-bg\" ><\/div> <\/div><div class=\"row_col_wrap_12_inner col span_12  left\">\n\t<div  class=\"vc_col-sm-12 wpb_column column_container vc_column_container col child_column has-animation no-extra-padding el_spacing_5px inherit_tablet inherit_phone\"   data-padding-pos=\"all\" data-has-bg-color=\"false\" data-bg-color=\"\" data-bg-opacity=\"1\" data-animation=\"fade-in-from-bottom\" data-delay=\"0\" >\n\t\t<div class=\"vc_column-inner\" >\n\t\t<div class=\"wpb_wrapper\">\n\t\t\t\n<div class=\"wpb_text_column wpb_content_element  vc_custom_1730138117323\" >\n\t<h2><span style=\"color: #0a149f;\">Notre approche\u00a0<\/span><\/h2>\n<p>Chaque \u00e9l\u00e8ve re\u00e7oit des cours qui le mettent au d\u00e9fi au bon niveau pour l&#039;aider \u00e0 progresser sur le plan scolaire. Nous utilisons <strong>instruction diff\u00e9renci\u00e9e<\/strong> pour r\u00e9pondre aux besoins de chaque \u00e9l\u00e8ve et v\u00e9rifier r\u00e9guli\u00e8rement leurs progr\u00e8s pour s&#039;assurer qu&#039;ils ma\u00eetrisent ce qu&#039;ils apprennent.<\/p>\n<p>Nous attendons de tous les \u00e9l\u00e8ves, de la maternelle \u00e0 la 5e ann\u00e9e, qu&#039;ils jouent un r\u00f4le actif dans leur apprentissage. Notre travail consiste \u00e0 leur enseigner des comp\u00e9tences en r\u00e9solution de probl\u00e8mes et en pens\u00e9e critique qui les aideront \u00e0 devenir des leaders avis\u00e9s et des acteurs de changement positif dans leur communaut\u00e9.<\/p>\n<p>Chaque jour, les \u00e9tudiants de la FES sont encourag\u00e9s \u00e0 pratiquer leur esprit critique et \u00e0 demander de l\u2019aide lorsqu\u2019ils en ont besoin.<\/p>\n<\/div>\n\n\n\n\n\t\t<\/div> \n\t<\/div>\n\t<\/div> \n<\/div><\/div>\n\t\t\t<\/div> \n\t\t<\/div>\n\t<\/div> \n\n\t<div  class=\"vc_col-sm-6 wpb_column column_container vc_column_container col no-extra-padding inherit_tablet inherit_phone\"  data-padding-pos=\"all\" data-has-bg-color=\"false\" data-bg-color=\"\" data-bg-opacity=\"1\" data-animation=\"\" data-delay=\"0\" >\n\t\t<div class=\"vc_column-inner\" >\n\t\t\t<div class=\"wpb_wrapper\">\n\t\t\t\t<div class=\"img-with-aniamtion-wrap\" data-max-width=\"100%\" data-max-width-mobile=\"default\" data-shadow=\"none\" data-animation=\"none\" >\n      <div class=\"inner\">\n        <div class=\"hover-wrap\"> \n          <div class=\"hover-wrap-inner\">\n            <img loading=\"lazy\" decoding=\"async\" class=\"img-with-animation skip-lazy\" data-delay=\"0\" height=\"1600\" width=\"2400\" data-animation=\"none\" src=\"https:\/\/wearefrederick.org\/wp-content\/uploads\/2024\/10\/Frederick483.jpg\" alt=\"\" srcset=\"https:\/\/wearefrederick.org\/wp-content\/uploads\/2024\/10\/Frederick483.jpg 2400w, https:\/\/wearefrederick.org\/wp-content\/uploads\/2024\/10\/Frederick483-300x200.jpg 300w, https:\/\/wearefrederick.org\/wp-content\/uploads\/2024\/10\/Frederick483-1024x683.jpg 1024w, https:\/\/wearefrederick.org\/wp-content\/uploads\/2024\/10\/Frederick483-768x512.jpg 768w, https:\/\/wearefrederick.org\/wp-content\/uploads\/2024\/10\/Frederick483-1536x1024.jpg 1536w, https:\/\/wearefrederick.org\/wp-content\/uploads\/2024\/10\/Frederick483-2048x1365.jpg 2048w, https:\/\/wearefrederick.org\/wp-content\/uploads\/2024\/10\/Frederick483-18x12.jpg 18w, https:\/\/wearefrederick.org\/wp-content\/uploads\/2024\/10\/Frederick483-200x133.jpg 200w, https:\/\/wearefrederick.org\/wp-content\/uploads\/2024\/10\/Frederick483-600x400.jpg 600w, https:\/\/wearefrederick.org\/wp-content\/uploads\/2024\/10\/Frederick483-900x600.jpg 900w\" sizes=\"auto, (max-width: 2400px) 100vw, 2400px\" \/>\n          <\/div>\n        <\/div>\n        \n      <\/div>\n    <\/div>\n\t\t\t<\/div> \n\t\t<\/div>\n\t<\/div> \n<\/div><\/div>\n\t\t<div id=\"fws_69e78bd89f1c6\"  data-column-margin=\"default\" data-midnight=\"dark\"  class=\"wpb_row vc_row-fluid vc_row has-row-bg-color vc_row-o-equal-height vc_row-flex vc_row-o-content-top\"  style=\"padding-top: 0px; padding-bottom: 0px; --row-bg-color: #93d500;\"><div class=\"row-bg-wrap\" data-bg-animation=\"none\" data-bg-animation-delay=\"\" data-bg-overlay=\"false\"><div class=\"inner-wrap row-bg-layer\" ><div class=\"row-bg viewport-desktop using-bg-color\"  style=\"background-color: #93d500; \"><\/div><\/div><\/div><div class=\"row_col_wrap_12 col span_12 dark left\">\n\t<div style=\"\" class=\"vc_col-sm-6 wpb_column column_container vc_column_container col no-extra-padding inherit_tablet inherit_phone\" data-using-bg=\"true\" data-bg-cover=\"true\" data-padding-pos=\"all\" data-has-bg-color=\"false\" data-bg-color=\"\" data-bg-opacity=\"1\" data-animation=\"\" data-delay=\"0\" >\n\t\t<div class=\"vc_column-inner\" ><div class=\"column-image-bg-wrap column-bg-layer viewport-desktop\" data-bg-pos=\"center center\" data-bg-animation=\"none\" data-bg-overlay=\"false\"><div class=\"inner-wrap\"><div class=\"column-image-bg\" style=\" background-image: url('https:\/\/wearefrederick.org\/wp-content\/uploads\/2024\/10\/2022-09-BCP-Branding-20-scaled.jpg'); \"><\/div><\/div><\/div>\n\t\t\t<div class=\"wpb_wrapper\">\n\t\t\t\t\n\t\t\t<\/div> \n\t\t<\/div>\n\t<\/div> \n\n\t<div  class=\"vc_col-sm-6 wpb_column column_container vc_column_container col padding-4-percent inherit_tablet inherit_phone\"  data-padding-pos=\"all\" data-has-bg-color=\"false\" data-bg-color=\"\" data-bg-opacity=\"1\" data-animation=\"\" data-delay=\"0\" >\n\t\t<div class=\"vc_column-inner\" >\n\t\t\t<div class=\"wpb_wrapper\">\n\t\t\t\t\n<div class=\"wpb_text_column wpb_content_element\" >\n\t<h3>Notre programme acad\u00e9mique repose sur une base solide de programmes \u00e9prouv\u00e9s qui soutiennent l\u2019apprentissage et la croissance des \u00e9tudiants.<\/h3>\n<ul>\n<li><strong>Instruction directe (DI)<\/strong>:Un programme bas\u00e9 sur la recherche qui aide les \u00e9l\u00e8ves \u00e0 atteindre et \u00e0 maintenir des gains mesurables en alphab\u00e9tisation.<\/li>\n<li><strong>R\u00e9v\u00e9ler les math\u00e9matiques<\/strong>:Un programme de math\u00e9matiques dynamique qui encourage la pens\u00e9e critique et la r\u00e9solution de probl\u00e8mes.<\/li>\n<li><strong>Connaissances de base<\/strong>:Un programme qui renforce les connaissances des \u00e9l\u00e8ves dans des domaines cl\u00e9s comme l\u2019histoire, les sciences, la litt\u00e9rature et la g\u00e9ographie.<\/li>\n<li><strong>R\u00e9ussite STEM dans les \u00e9coles \u00e9l\u00e9mentaires de Baltimore (SABES)<\/strong>:Un programme ax\u00e9 sur l\u2019apprentissage pratique en sciences, technologie, ing\u00e9nierie et math\u00e9matiques.<\/li>\n<li><strong>Mon monde interactif<\/strong>:Un programme d\u2019\u00e9tudes sociales qui aide les \u00e9l\u00e8ves \u00e0 comprendre le monde qui les entoure gr\u00e2ce \u00e0 des le\u00e7ons interactives.<\/li>\n<\/ul>\n<\/div>\n\n\n\n\n\t\t\t<\/div> \n\t\t<\/div>\n\t<\/div> \n<\/div><\/div>\n\t\t<div id=\"fws_69e78bd89f8e0\"  data-column-margin=\"default\" data-midnight=\"dark\"  class=\"wpb_row vc_row-fluid vc_row\"  style=\"padding-top: 0px; padding-bottom: 0px; \"><div class=\"row-bg-wrap\" data-bg-animation=\"none\" data-bg-animation-delay=\"\" data-bg-overlay=\"false\"><div class=\"inner-wrap row-bg-layer\" ><div class=\"row-bg viewport-desktop\"  style=\"\"><\/div><\/div><\/div><div class=\"row_col_wrap_12 col span_12 dark left\">\n\t<div  class=\"vc_col-sm-12 wpb_column column_container vc_column_container col centered-text no-extra-padding inherit_tablet inherit_phone\"  data-padding-pos=\"all\" data-has-bg-color=\"false\" data-bg-color=\"\" data-bg-opacity=\"1\" data-animation=\"\" data-delay=\"0\" >\n\t\t<div class=\"vc_column-inner\" >\n\t\t\t<div class=\"wpb_wrapper\">\n\t\t\t\t\n<div class=\"wpb_text_column wpb_content_element\" >\n\t<h2 style=\"text-align: center;\"><span style=\"color: #0a149f;\">Des questions sur les horaires, les politiques, les uniformes, etc.?<\/span><\/h2>\n<\/div>\n\n\n\n<a class=\"nectar-button large regular accent-color  regular-button\"  role=\"button\" style=\"\"  href=\"#\" data-color-override=\"false\" data-hover-color-override=\"false\" data-hover-text-color-override=\"#fff\"><span>Lisez notre manuel scolaire<\/span><\/a>\n\t\t\t<\/div> \n\t\t<\/div>\n\t<\/div> \n<\/div><\/div>","protected":false},"excerpt":{"rendered":"Academics O\u00f9 l'\u00e9ducation est une lib\u00e9ration \u00c0 FES, nous croyons que l'\u00e9ducation a le pouvoir de lib\u00e9rer les gens. Lorsque les \u00e9l\u00e8ves apprennent, ils acqui\u00e8rent les connaissances et les comp\u00e9tences n\u00e9cessaires pour...","protected":false},"author":2,"featured_media":0,"parent":0,"menu_order":0,"comment_status":"closed","ping_status":"closed","template":"","meta":{"footnotes":""},"class_list":["post-72","page","type-page","status-publish"],"yoast_head":"<!-- This site is optimized with the Yoast SEO plugin v27.4 - https:\/\/yoast.com\/product\/yoast-seo-wordpress\/ -->\n<title>Academics | Frederick Elementary School | Baltimore City Charter School<\/title>\n<meta name=\"description\" content=\"Our students enjoy weekly enrichment classes in art, physical education, and technology taught by dedicated, subject-expert teachers.\" \/>\n<meta name=\"robots\" content=\"index, follow, max-snippet:-1, max-image-preview:large, max-video-preview:-1\" \/>\n<link rel=\"canonical\" href=\"https:\/\/wearefrederick.org\/fr\/academics\/\" \/>\n<meta property=\"og:locale\" content=\"fr_FR\" \/>\n<meta property=\"og:type\" content=\"article\" \/>\n<meta property=\"og:title\" content=\"Academics | Frederick Elementary School | Baltimore City Charter School\" \/>\n<meta property=\"og:description\" content=\"Our students enjoy weekly enrichment classes in art, physical education, and technology taught by dedicated, subject-expert teachers.\" \/>\n<meta property=\"og:url\" content=\"https:\/\/wearefrederick.org\/fr\/academics\/\" \/>\n<meta property=\"og:site_name\" content=\"Frederick Elementary School\" \/>\n<meta property=\"article:publisher\" content=\"https:\/\/www.facebook.com\/Pimlico223\" \/>\n<meta property=\"article:modified_time\" content=\"2025-06-20T17:01:51+00:00\" \/>\n<meta name=\"twitter:card\" content=\"summary_large_image\" \/>\n<meta name=\"twitter:label1\" content=\"Dur\u00e9e de lecture estim\u00e9e\" \/>\n\t<meta name=\"twitter:data1\" content=\"6 minutes\" \/>\n<script type=\"application\/ld+json\" class=\"yoast-schema-graph\">{\"@context\":\"https:\\\/\\\/schema.org\",\"@graph\":[{\"@type\":\"WebPage\",\"@id\":\"https:\\\/\\\/wearefrederick.org\\\/academics\\\/\",\"url\":\"https:\\\/\\\/wearefrederick.org\\\/academics\\\/\",\"name\":\"Academics | Frederick Elementary School | Baltimore City Charter School\",\"isPartOf\":{\"@id\":\"https:\\\/\\\/wearefrederick.org\\\/#website\"},\"datePublished\":\"2022-09-13T17:51:42+00:00\",\"dateModified\":\"2025-06-20T17:01:51+00:00\",\"description\":\"Our students enjoy weekly enrichment classes in art, physical education, and technology taught by dedicated, subject-expert teachers.\",\"breadcrumb\":{\"@id\":\"https:\\\/\\\/wearefrederick.org\\\/academics\\\/#breadcrumb\"},\"inLanguage\":\"fr-FR\",\"potentialAction\":[{\"@type\":\"ReadAction\",\"target\":[\"https:\\\/\\\/wearefrederick.org\\\/academics\\\/\"]}]},{\"@type\":\"BreadcrumbList\",\"@id\":\"https:\\\/\\\/wearefrederick.org\\\/academics\\\/#breadcrumb\",\"itemListElement\":[{\"@type\":\"ListItem\",\"position\":1,\"name\":\"Home\",\"item\":\"https:\\\/\\\/wearefrederick.org\\\/\"},{\"@type\":\"ListItem\",\"position\":2,\"name\":\"Academics\"}]},{\"@type\":\"WebSite\",\"@id\":\"https:\\\/\\\/wearefrederick.org\\\/#website\",\"url\":\"https:\\\/\\\/wearefrederick.org\\\/\",\"name\":\"Frederick Elementary School\",\"description\":\"A Neighborhood Charter School of Baltimore Curriculum Project\",\"publisher\":{\"@id\":\"https:\\\/\\\/wearefrederick.org\\\/#organization\"},\"potentialAction\":[{\"@type\":\"SearchAction\",\"target\":{\"@type\":\"EntryPoint\",\"urlTemplate\":\"https:\\\/\\\/wearefrederick.org\\\/?s={search_term_string}\"},\"query-input\":{\"@type\":\"PropertyValueSpecification\",\"valueRequired\":true,\"valueName\":\"search_term_string\"}}],\"inLanguage\":\"fr-FR\"},{\"@type\":\"Organization\",\"@id\":\"https:\\\/\\\/wearefrederick.org\\\/#organization\",\"name\":\"Frederick Elementary School\",\"url\":\"https:\\\/\\\/wearefrederick.org\\\/\",\"logo\":{\"@type\":\"ImageObject\",\"inLanguage\":\"fr-FR\",\"@id\":\"https:\\\/\\\/wearefrederick.org\\\/#\\\/schema\\\/logo\\\/image\\\/\",\"url\":\"https:\\\/\\\/wolfestreet.wpengine.com\\\/wp-content\\\/uploads\\\/2022\\\/09\\\/pimlico_logo_tagline.jpg\",\"contentUrl\":\"https:\\\/\\\/wolfestreet.wpengine.com\\\/wp-content\\\/uploads\\\/2022\\\/09\\\/pimlico_logo_tagline.jpg\",\"width\":488,\"height\":185,\"caption\":\"Frederick Elementary School\"},\"image\":{\"@id\":\"https:\\\/\\\/wearefrederick.org\\\/#\\\/schema\\\/logo\\\/image\\\/\"},\"sameAs\":[\"https:\\\/\\\/www.facebook.com\\\/Pimlico223\",\"https:\\\/\\\/www.instagram.com\\\/pimlico223\\\/\"]}]}<\/script>\n<!-- \/ Yoast SEO plugin. -->","yoast_head_json":{"title":"Enseignement | \u00c9cole primaire Frederick | \u00c9cole \u00e0 charte de la ville de Baltimore","description":"Nos \u00e9l\u00e8ves b\u00e9n\u00e9ficient de cours hebdomadaires d'enrichissement dans les domaines de l'art, de l'\u00e9ducation physique et de la technologie, dispens\u00e9s par des enseignants d\u00e9vou\u00e9s et experts en la mati\u00e8re.","robots":{"index":"index","follow":"follow","max-snippet":"max-snippet:-1","max-image-preview":"max-image-preview:large","max-video-preview":"max-video-preview:-1"},"canonical":"https:\/\/wearefrederick.org\/fr\/academics\/","og_locale":"fr_FR","og_type":"article","og_title":"Academics | Frederick Elementary School | Baltimore City Charter School","og_description":"Our students enjoy weekly enrichment classes in art, physical education, and technology taught by dedicated, subject-expert teachers.","og_url":"https:\/\/wearefrederick.org\/fr\/academics\/","og_site_name":"Frederick Elementary School","article_publisher":"https:\/\/www.facebook.com\/Pimlico223","article_modified_time":"2025-06-20T17:01:51+00:00","twitter_card":"summary_large_image","twitter_misc":{"Dur\u00e9e de lecture estim\u00e9e":"6 minutes"},"schema":{"@context":"https:\/\/schema.org","@graph":[{"@type":"WebPage","@id":"https:\/\/wearefrederick.org\/academics\/","url":"https:\/\/wearefrederick.org\/academics\/","name":"Enseignement | \u00c9cole primaire Frederick | \u00c9cole \u00e0 charte de la ville de Baltimore","isPartOf":{"@id":"https:\/\/wearefrederick.org\/#website"},"datePublished":"2022-09-13T17:51:42+00:00","dateModified":"2025-06-20T17:01:51+00:00","description":"Nos \u00e9l\u00e8ves b\u00e9n\u00e9ficient de cours hebdomadaires d'enrichissement dans les domaines de l'art, de l'\u00e9ducation physique et de la technologie, dispens\u00e9s par des enseignants d\u00e9vou\u00e9s et experts en la mati\u00e8re.","breadcrumb":{"@id":"https:\/\/wearefrederick.org\/academics\/#breadcrumb"},"inLanguage":"fr-FR","potentialAction":[{"@type":"ReadAction","target":["https:\/\/wearefrederick.org\/academics\/"]}]},{"@type":"BreadcrumbList","@id":"https:\/\/wearefrederick.org\/academics\/#breadcrumb","itemListElement":[{"@type":"ListItem","position":1,"name":"Home","item":"https:\/\/wearefrederick.org\/"},{"@type":"ListItem","position":2,"name":"Academics"}]},{"@type":"WebSite","@id":"https:\/\/wearefrederick.org\/#website","url":"https:\/\/wearefrederick.org\/","name":"\u00c9cole primaire de Frederick","description":"Un projet de programme scolaire de la Neighborhood Charter School de Baltimore","publisher":{"@id":"https:\/\/wearefrederick.org\/#organization"},"potentialAction":[{"@type":"SearchAction","target":{"@type":"EntryPoint","urlTemplate":"https:\/\/wearefrederick.org\/?s={search_term_string}"},"query-input":{"@type":"PropertyValueSpecification","valueRequired":true,"valueName":"search_term_string"}}],"inLanguage":"fr-FR"},{"@type":"Organization","@id":"https:\/\/wearefrederick.org\/#organization","name":"\u00c9cole primaire de Frederick","url":"https:\/\/wearefrederick.org\/","logo":{"@type":"ImageObject","inLanguage":"fr-FR","@id":"https:\/\/wearefrederick.org\/#\/schema\/logo\/image\/","url":"https:\/\/wolfestreet.wpengine.com\/wp-content\/uploads\/2022\/09\/pimlico_logo_tagline.jpg","contentUrl":"https:\/\/wolfestreet.wpengine.com\/wp-content\/uploads\/2022\/09\/pimlico_logo_tagline.jpg","width":488,"height":185,"caption":"Frederick Elementary School"},"image":{"@id":"https:\/\/wearefrederick.org\/#\/schema\/logo\/image\/"},"sameAs":["https:\/\/www.facebook.com\/Pimlico223","https:\/\/www.instagram.com\/pimlico223\/"]}]}},"featured_image_src":null,"featured_image_src_square":null,"_links":{"self":[{"href":"https:\/\/wearefrederick.org\/fr\/wp-json\/wp\/v2\/pages\/72","targetHints":{"allow":["GET"]}}],"collection":[{"href":"https:\/\/wearefrederick.org\/fr\/wp-json\/wp\/v2\/pages"}],"about":[{"href":"https:\/\/wearefrederick.org\/fr\/wp-json\/wp\/v2\/types\/page"}],"author":[{"embeddable":true,"href":"https:\/\/wearefrederick.org\/fr\/wp-json\/wp\/v2\/users\/2"}],"replies":[{"embeddable":true,"href":"https:\/\/wearefrederick.org\/fr\/wp-json\/wp\/v2\/comments?post=72"}],"version-history":[{"count":0,"href":"https:\/\/wearefrederick.org\/fr\/wp-json\/wp\/v2\/pages\/72\/revisions"}],"wp:attachment":[{"href":"https:\/\/wearefrederick.org\/fr\/wp-json\/wp\/v2\/media?parent=72"}],"curies":[{"name":"wp","href":"https:\/\/api.w.org\/{rel}","templated":true}]}}