
{"id":105,"date":"2022-09-14T12:38:09","date_gmt":"2022-09-14T16:38:09","guid":{"rendered":"https:\/\/pimlico.wpengine.com\/?page_id=105"},"modified":"2024-10-28T13:59:58","modified_gmt":"2024-10-28T17:59:58","slug":"thefesway","status":"publish","type":"page","link":"https:\/\/wearefrederick.org\/fr\/thefesway\/","title":{"rendered":"La m\u00e9thode FES"},"content":{"rendered":"<div id=\"fws_69fef01a951f0\"  data-column-margin=\"10px\" data-midnight=\"light\"  class=\"wpb_row vc_row-fluid vc_row full-width-section has-row-bg-color vc_row-o-equal-height vc_row-flex\"  style=\"padding-top: 0px; padding-bottom: 0px; --row-bg-color: #0a149f;\"><div class=\"row-bg-wrap\" data-bg-animation=\"none\" data-bg-animation-delay=\"\" data-bg-overlay=\"false\"><div class=\"inner-wrap row-bg-layer\" ><div class=\"row-bg viewport-desktop using-bg-color\"  style=\"background-color: #0a149f; \"><\/div><\/div><\/div><div class=\"row_col_wrap_12 col span_12 light right\">\n\t<div  class=\"vc_col-sm-6 vc_col-xs-12 wpb_column column_container vc_column_container col padding-8-percent force-tablet-text-align-center inherit_tablet padding-2-percent_phone\"  data-padding-pos=\"all\" data-has-bg-color=\"false\" data-bg-color=\"\" data-bg-opacity=\"1\" data-animation=\"\" data-delay=\"0\" >\n\t\t<div class=\"vc_column-inner\" >\n\t\t\t<div class=\"wpb_wrapper\">\n\t\t\t\t\n<div class=\"wpb_text_column wpb_content_element\" >\n\t<h1>La m\u00e9thode FES<\/h1>\n<\/div>\n\n\n\n\n\t\t\t<\/div> \n\t\t<\/div>\n\t<\/div> \n\n\t<div style=\"\" class=\"vc_col-sm-3 vc_col-xs-6 wpb_column column_container vc_column_container col no-extra-padding inherit_tablet padding-8-percent_phone\" data-using-bg=\"true\" data-bg-cover=\"true\" data-padding-pos=\"all\" data-has-bg-color=\"false\" data-bg-color=\"\" data-bg-opacity=\"1\" data-animation=\"\" data-delay=\"0\" >\n\t\t<div class=\"vc_column-inner\" ><div class=\"column-image-bg-wrap column-bg-layer viewport-desktop\" data-bg-pos=\"center center\" data-bg-animation=\"none\" data-bg-overlay=\"false\"><div class=\"inner-wrap\"><div class=\"column-image-bg\" style=\" background-image: url('https:\/\/wearefrederick.org\/wp-content\/uploads\/2024\/10\/Frederick160.jpg'); \"><\/div><\/div><\/div>\n\t\t\t<div class=\"wpb_wrapper\">\n\t\t\t\t\n\t\t\t<\/div> \n\t\t<\/div>\n\t<\/div> \n\n\t<div style=\"\" class=\"vc_col-sm-3 vc_col-xs-6 wpb_column column_container vc_column_container col no-extra-padding inherit_tablet padding-8-percent_phone\" data-using-bg=\"true\" data-bg-cover=\"true\" data-padding-pos=\"all\" data-has-bg-color=\"false\" data-bg-color=\"\" data-bg-opacity=\"1\" data-animation=\"\" data-delay=\"0\" >\n\t\t<div class=\"vc_column-inner\" ><div class=\"column-image-bg-wrap column-bg-layer viewport-desktop\" data-bg-pos=\"center center\" data-bg-animation=\"none\" data-bg-overlay=\"false\"><div class=\"inner-wrap\"><div class=\"column-image-bg\" style=\" background-image: url('https:\/\/wearefrederick.org\/wp-content\/uploads\/2024\/10\/Frederick263.jpg'); \"><\/div><\/div><\/div>\n\t\t\t<div class=\"wpb_wrapper\">\n\t\t\t\t\n\t\t\t<\/div> \n\t\t<\/div>\n\t<\/div> \n<\/div><\/div>\n\t\t<div id=\"fws_69fef01a963ff\"  data-column-margin=\"default\" data-midnight=\"dark\"  class=\"wpb_row vc_row-fluid vc_row full-width-section has-row-bg-color vc_row-o-equal-height vc_row-flex vc_row-o-content-middle\"  style=\"padding-top: 0px; padding-bottom: 0px; --row-bg-color: #d1d1d1;\"><div class=\"row-bg-wrap\" data-bg-animation=\"none\" data-bg-animation-delay=\"\" data-bg-overlay=\"false\"><div class=\"inner-wrap row-bg-layer\" ><div class=\"row-bg viewport-desktop using-bg-color\"  style=\"background-color: #d1d1d1; \"><\/div><\/div><\/div><div class=\"row_col_wrap_12 col span_12 dark left\">\n\t<div  class=\"vc_col-sm-8 wpb_column column_container vc_column_container col padding-6-percent inherit_tablet inherit_phone\"  data-padding-pos=\"all\" data-has-bg-color=\"false\" data-bg-color=\"\" data-bg-opacity=\"1\" data-animation=\"\" data-delay=\"0\" >\n\t\t<div class=\"vc_column-inner\" >\n\t\t\t<div class=\"wpb_wrapper\">\n\t\t\t\t\n<div class=\"wpb_text_column wpb_content_element\" >\n\t<h2><span style=\"color: #0a149f;\">Pratiques r\u00e9paratrices<\/span><\/h2>\n<p>Nous utilisons le programme de pratiques r\u00e9paratrices pour b\u00e2tir une communaut\u00e9 positive et r\u00e9duire les conflits dans notre \u00e9cole. D\u00e9velopp\u00e9 par le <a href=\"https:\/\/www.iirp.edu\/\">Institut international des pratiques r\u00e9paratrices<\/a>\u00a0Elle se concentre sur le renforcement des relations et la r\u00e9solution des probl\u00e8mes. Les pratiques r\u00e9paratrices nous aident \u00e0 cr\u00e9er un environnement respectueux et incluent \u00e0 la fois des moyens de cr\u00e9er des liens et de les r\u00e9parer en cas de pr\u00e9judice.<\/p>\n<h3><b>Les m\u00e9diateurs entre pairs <\/b><\/h3>\n<p>Nos m\u00e9diateurs form\u00e9s, \u00e9l\u00e8ves de 4e et 5e ann\u00e9e, sont des leaders \u00e0 l&#039;\u00e9cole \u00e9l\u00e9mentaire Frederick qui aident \u00e0 favoriser des amiti\u00e9s positives, \u00e0 r\u00e9soudre les conflits et \u00e0 soutenir les pratiques r\u00e9paratrices. Ces pratiques construisent une communaut\u00e9 respectueuse, r\u00e9duisent les conflits et enseignent des comp\u00e9tences de r\u00e9solution de probl\u00e8mes.<\/p>\n<\/div>\n\n\n\n\n\t\t\t<\/div> \n\t\t<\/div>\n\t<\/div> \n\n\t<div style=\"\" class=\"vc_col-sm-4 wpb_column column_container vc_column_container col no-extra-padding inherit_tablet padding-1-percent_phone\" data-using-bg=\"true\" data-bg-cover=\"true\" data-padding-pos=\"all\" data-has-bg-color=\"false\" data-bg-color=\"\" data-bg-opacity=\"1\" data-animation=\"\" data-delay=\"0\" >\n\t\t<div class=\"vc_column-inner\" ><div class=\"column-image-bg-wrap column-bg-layer viewport-desktop\" data-bg-pos=\"center top\" data-bg-animation=\"none\" data-bg-overlay=\"false\"><div class=\"inner-wrap\"><div class=\"column-image-bg\" style=\" background-image: url('https:\/\/wearefrederick.org\/wp-content\/uploads\/2024\/10\/2022-09-BCP-Branding-11-scaled.jpg'); \"><\/div><\/div><\/div>\n\t\t\t<div class=\"wpb_wrapper\">\n\t\t\t\t<div class=\"divider-wrap height_phone_20vh\" data-alignment=\"default\"><div style=\"height: 35vh;\" class=\"divider\"><\/div><\/div>\n\t\t\t<\/div> \n\t\t<\/div>\n\t<\/div> \n<\/div><\/div>\n\t\t<div id=\"home\"  data-column-margin=\"90px\" data-midnight=\"dark\"  class=\"wpb_row vc_row-fluid vc_row full-width-section has-row-bg-color vc_row-o-equal-height vc_row-flex vc_row-o-content-middle  reverse_columns_column_tablet reverse_columns_column_phone top_padding_tablet_8pct bottom_padding_tablet_8pct\"  style=\"padding-top: 0px; padding-bottom: 0px; --row-bg-color: #ffffff;\"><div class=\"row-bg-wrap\" data-bg-animation=\"none\" data-bg-animation-delay=\"\" data-bg-overlay=\"false\"><div class=\"inner-wrap row-bg-layer\" ><div class=\"row-bg viewport-desktop using-bg-color\"  style=\"background-color: #ffffff; \"><\/div><\/div><\/div><div class=\"row_col_wrap_12 col span_12 dark left\">\n\t<div style=\"\" class=\"vc_col-sm-6 vc_col-xs-12 wpb_column column_container vc_column_container col no-extra-padding inherit_tablet inherit_phone\" data-using-bg=\"true\" data-bg-cover=\"true\" data-padding-pos=\"all\" data-has-bg-color=\"false\" data-bg-color=\"\" data-bg-opacity=\"1\" data-animation=\"\" data-delay=\"0\" >\n\t\t<div class=\"vc_column-inner\" ><div class=\"column-image-bg-wrap column-bg-layer viewport-desktop has-phone\" data-bg-pos=\"center center\" data-bg-animation=\"none\" data-bg-overlay=\"false\"><div class=\"inner-wrap\"><div class=\"column-image-bg\" style=\" background-image: url('https:\/\/wearefrederick.org\/wp-content\/uploads\/2024\/10\/2022-09-BCP-Branding-26-scaled.jpg'); \"><\/div><\/div><\/div><div class=\"column-image-bg-wrap column-bg-layer viewport-phone\" data-bg-pos=\"center center\" data-bg-animation=\"none\" data-bg-overlay=\"false\"><div class=\"inner-wrap\"><div class=\"column-image-bg\" style=\" background-image: url('https:\/\/wearefrederick.org\/wp-content\/uploads\/2023\/10\/Wolfe-Street-Ezone-CROP.jpg'); \"><\/div><\/div><\/div>\n\t\t\t<div class=\"wpb_wrapper\">\n\t\t\t\t<div class=\"divider-wrap height_tablet_40vh height_phone_45vh\" data-alignment=\"default\"><div style=\"height: 35vh;\" class=\"divider\"><\/div><\/div>\n\t\t\t<\/div> \n\t\t<\/div>\n\t<\/div> \n\n\t<div style=\"z-index: 100; \" class=\"vc_col-sm-6 vc_col-xs-12 wpb_column column_container vc_column_container col padding-3-percent el_spacing_10px no-extra-padding_tablet no-extra-padding_phone\"  data-padding-pos=\"top-right\" data-has-bg-color=\"false\" data-bg-color=\"\" data-bg-opacity=\"1\" data-animation=\"\" data-delay=\"0\" >\n\t\t<div class=\"vc_column-inner\" >\n\t\t\t<div class=\"wpb_wrapper\">\n\t\t\t\t<div id=\"fws_69fef01a979ce\" data-midnight=\"\" data-column-margin=\"default\" class=\"wpb_row vc_row-fluid vc_row inner_row\"  style=\"\"><div class=\"row-bg-wrap\"> <div class=\"row-bg\" ><\/div> <\/div><div class=\"row_col_wrap_12_inner col span_12  left\">\n\t<div  class=\"vc_col-sm-12 wpb_column column_container vc_column_container col child_column has-animation no-extra-padding el_spacing_5px inherit_tablet inherit_phone\"   data-padding-pos=\"all\" data-has-bg-color=\"false\" data-bg-color=\"\" data-bg-opacity=\"1\" data-animation=\"fade-in-from-bottom\" data-delay=\"0\" >\n\t\t<div class=\"vc_column-inner\" >\n\t\t<div class=\"wpb_wrapper\">\n\t\t\t\n<div class=\"wpb_text_column wpb_content_element\" >\n\t<h2><span style=\"color: #0a149f;\"><b>R\u00e9unions communautaires<br \/>\n<\/b><\/span><\/h2>\n<p>L&#039;une des principales fa\u00e7ons de cr\u00e9er une communaut\u00e9 \u00e0 l&#039;\u00e9cole \u00e9l\u00e9mentaire Frederick est de participer \u00e0 nos r\u00e9unions communautaires hebdomadaires. Tous les vendredis, les \u00e9l\u00e8ves et le personnel se r\u00e9unissent pendant 30 minutes pour c\u00e9l\u00e9brer les r\u00e9alisations, se concentrer sur nos affirmations et nos habitudes d&#039;esprit, parler de l&#039;actualit\u00e9 ou discuter des moyens d&#039;am\u00e9liorer l&#039;environnement d&#039;apprentissage. Ces r\u00e9unions sont g\u00e9n\u00e9ralement dirig\u00e9es par un enseignant, mais parfois les \u00e9l\u00e8ves dirigent \u00e9galement. Les parents qui souhaitent y assister doivent contacter l&#039;enseignant de leur enfant.<\/p>\n<\/div>\n\n\n\n<div class=\"divider-wrap\" data-alignment=\"default\"><div style=\"height: 25px;\" class=\"divider\"><\/div><\/div>\n\t\t<\/div> \n\t<\/div>\n\t<\/div> \n<\/div><\/div>\n\t\t\t<\/div> \n\t\t<\/div>\n\t<\/div> \n<\/div><\/div>\n\t\t<div id=\"fws_69fef01a97df9\"  data-column-margin=\"default\" data-midnight=\"dark\"  class=\"wpb_row vc_row-fluid vc_row full-width-section has-row-bg-color\"  style=\"padding-top: 0px; padding-bottom: 0px; --row-bg-color: #0a149f;\"><div class=\"row-bg-wrap\" data-bg-animation=\"none\" data-bg-animation-delay=\"\" data-bg-overlay=\"false\"><div class=\"inner-wrap row-bg-layer\" ><div class=\"row-bg viewport-desktop using-bg-color\"  style=\"background-color: #0a149f; \"><\/div><\/div><\/div><div class=\"row_col_wrap_12 col span_12 dark left\">\n\t<div style=\" color: #ffffff;\" class=\"vc_col-sm-12 wpb_column column_container vc_column_container col centered-text padding-5-percent inherit_tablet inherit_phone\" data-cfc=\"true\"  data-padding-pos=\"all\" data-has-bg-color=\"false\" data-bg-color=\"\" data-bg-opacity=\"1\" data-animation=\"\" data-delay=\"0\" >\n\t\t<div class=\"vc_column-inner\" >\n\t\t\t<div class=\"wpb_wrapper\">\n\t\t\t\t\n<div class=\"wpb_text_column wpb_content_element\" >\n\t<h2>Cercle du matin<\/h2>\n<section id=\"restorative\" class=\"bordered-content\">Le cercle du matin \u00e0 l&#039;\u00e9cole \u00e9l\u00e9mentaire Frederick est un moment o\u00f9 les \u00e9l\u00e8ves peuvent se connecter avec leurs camarades de classe et leur enseignant. Les objectifs sont les suivants\u00a0:<\/p>\n<ul>\n<li style=\"text-align: left;\">Construire une communaut\u00e9 respectueuse et positive<\/li>\n<li style=\"text-align: left;\">Promouvoir les 3 valeurs fondamentales de l&#039;\u00e9cole, les 5 affirmations et les habitudes d&#039;esprit<\/li>\n<li style=\"text-align: left;\">Encouragez les \u00e9l\u00e8ves \u00e0 parler de questions importantes<\/li>\n<li style=\"text-align: left;\">Cr\u00e9er un espace s\u00fbr pour que les \u00e9tudiants puissent grandir en tant qu&#039;individus<\/li>\n<\/ul>\n<\/section>\n<\/div>\n\n\n\n\n\t\t\t<\/div> \n\t\t<\/div>\n\t<\/div> \n<\/div><\/div>\n\t\t<div id=\"enroll\"  data-column-margin=\"default\" data-midnight=\"dark\"  class=\"wpb_row vc_row-fluid vc_row full-width-section vc_row-o-equal-height vc_row-flex vc_row-o-content-middle\"  style=\"padding-top: 0px; padding-bottom: 0px; \"><div class=\"row-bg-wrap\" data-bg-animation=\"none\" data-bg-animation-delay=\"\" data-bg-overlay=\"false\"><div class=\"inner-wrap row-bg-layer\" ><div class=\"row-bg viewport-desktop\"  style=\"\"><\/div><\/div><\/div><div class=\"row_col_wrap_12 col span_12 dark left\">\n\t<div style=\"\" class=\"vc_col-sm-3 wpb_column column_container vc_column_container col padding-10-percent force-tablet-text-align-center force-phone-text-align-center inherit_tablet inherit_phone\" data-using-bg=\"true\" data-bg-cover=\"true\" data-padding-pos=\"all\" data-has-bg-color=\"false\" data-bg-color=\"\" data-bg-opacity=\"1\" data-animation=\"\" data-delay=\"0\" >\n\t\t<div class=\"vc_column-inner\" ><div class=\"column-image-bg-wrap column-bg-layer viewport-desktop\" data-bg-pos=\"center center\" data-bg-animation=\"none\" data-bg-overlay=\"false\"><div class=\"inner-wrap\"><div class=\"column-image-bg\" style=\" background-image: url('https:\/\/wearefrederick.org\/wp-content\/uploads\/2024\/09\/cropped-Logo-6-Shield-Only.png'); \"><\/div><\/div><\/div>\n\t\t\t<div class=\"wpb_wrapper\">\n\t\t\t\t\n\t\t\t<\/div> \n\t\t<\/div>\n\t<\/div> \n\n\t<div  class=\"vc_col-sm-9 wpb_column column_container vc_column_container col left_padding_desktop_3pct top_padding_desktop_5pct right_padding_desktop_3pct bottom_padding_desktop_5pct\"  data-padding-pos=\"all\" data-has-bg-color=\"false\" data-bg-color=\"\" data-bg-opacity=\"1\" data-animation=\"\" data-delay=\"0\" >\n\t\t<div class=\"vc_column-inner\" >\n\t\t\t<div class=\"wpb_wrapper\">\n\t\t\t\t\n<div class=\"wpb_text_column wpb_content_element\" >\n\t<h2><span style=\"color: #0a149f;\">CHAMPIONS<\/span><\/h2>\n<p>CHAMPS est un syst\u00e8me utilis\u00e9 \u00e0 l&#039;\u00e9cole \u00e9l\u00e9mentaire Frederick pour garder les \u00e9l\u00e8ves concentr\u00e9s, responsables et engag\u00e9s dans les t\u00e2ches en classe. Chaque lettre repr\u00e9sente un \u00e9l\u00e9ment cl\u00e9 du comportement en classe :<\/p>\n<ul>\n<li><strong>Conversation<\/strong>:Les \u00e9l\u00e8ves peuvent-ils parler ? De quoi ? Avec qui ? Pendant combien de temps ?<\/li>\n<li><strong>Aide<\/strong>:Comment les \u00e9tudiants peuvent-ils demander de l&#039;aide ? Que doivent-ils faire en attendant de l&#039;aide ?<\/li>\n<li><strong>Activit\u00e9<\/strong>:Quel est le but de l&#039;activit\u00e9 ? Que doivent faire les \u00e9l\u00e8ves ?<\/li>\n<li><strong>Mouvement<\/strong>:Les \u00e9l\u00e8ves peuvent-ils quitter leur si\u00e8ge ? Ont-ils besoin d&#039;une autorisation ?<\/li>\n<li><strong>Participation<\/strong>:A quels spectacles les \u00e9tudiants participent-ils ou non ?<\/li>\n<li><strong>Succ\u00e8s<\/strong>:Quand les \u00e9tudiants suivent CHAMPS, ils r\u00e9ussissent !<\/li>\n<\/ul>\n<\/div>\n\n\n\n\n\t\t\t<\/div> \n\t\t<\/div>\n\t<\/div> \n<\/div><\/div>","protected":false},"excerpt":{"rendered":"The FES Way Restorative Practices We use the Restorative Practices program to build a positive community and reduce conflict in our school. Developed by the International Institute of Restorative Practices\u00a0it...","protected":false},"author":2,"featured_media":0,"parent":0,"menu_order":0,"comment_status":"closed","ping_status":"closed","template":"","meta":{"footnotes":""},"class_list":["post-105","page","type-page","status-publish"],"yoast_head":"<!-- This site is optimized with the Yoast SEO plugin v27.5 - https:\/\/yoast.com\/product\/yoast-seo-wordpress\/ -->\n<title>The FES Way | Frederick Elementary School | Baltimore City Charter School<\/title>\n<meta name=\"description\" content=\"Wolfe Street Academy is a neighborhood charter school operated by the Baltimore Curriculum Project.\" \/>\n<meta name=\"robots\" content=\"index, follow, max-snippet:-1, max-image-preview:large, max-video-preview:-1\" \/>\n<link rel=\"canonical\" href=\"https:\/\/wearefrederick.org\/fr\/thefesway\/\" \/>\n<meta property=\"og:locale\" content=\"fr_FR\" \/>\n<meta property=\"og:type\" content=\"article\" \/>\n<meta property=\"og:title\" content=\"The FES Way | Frederick Elementary School | Baltimore City Charter School\" \/>\n<meta property=\"og:description\" content=\"Wolfe Street Academy is a neighborhood charter school operated by the Baltimore Curriculum Project.\" \/>\n<meta property=\"og:url\" content=\"https:\/\/wearefrederick.org\/fr\/thefesway\/\" \/>\n<meta property=\"og:site_name\" content=\"Frederick Elementary School\" \/>\n<meta property=\"article:publisher\" content=\"https:\/\/www.facebook.com\/Pimlico223\" \/>\n<meta property=\"article:modified_time\" content=\"2024-10-28T17:59:58+00:00\" \/>\n<meta name=\"twitter:card\" content=\"summary_large_image\" \/>\n<meta name=\"twitter:label1\" content=\"Dur\u00e9e de lecture estim\u00e9e\" \/>\n\t<meta name=\"twitter:data1\" content=\"4 minutes\" \/>\n<script type=\"application\/ld+json\" class=\"yoast-schema-graph\">{\"@context\":\"https:\\\/\\\/schema.org\",\"@graph\":[{\"@type\":\"WebPage\",\"@id\":\"https:\\\/\\\/wearefrederick.org\\\/thefesway\\\/\",\"url\":\"https:\\\/\\\/wearefrederick.org\\\/thefesway\\\/\",\"name\":\"The FES Way | Frederick Elementary School | Baltimore City Charter School\",\"isPartOf\":{\"@id\":\"https:\\\/\\\/wearefrederick.org\\\/#website\"},\"datePublished\":\"2022-09-14T16:38:09+00:00\",\"dateModified\":\"2024-10-28T17:59:58+00:00\",\"description\":\"Wolfe Street Academy is a neighborhood charter school operated by the Baltimore Curriculum Project.\",\"breadcrumb\":{\"@id\":\"https:\\\/\\\/wearefrederick.org\\\/thefesway\\\/#breadcrumb\"},\"inLanguage\":\"fr-FR\",\"potentialAction\":[{\"@type\":\"ReadAction\",\"target\":[\"https:\\\/\\\/wearefrederick.org\\\/thefesway\\\/\"]}]},{\"@type\":\"BreadcrumbList\",\"@id\":\"https:\\\/\\\/wearefrederick.org\\\/thefesway\\\/#breadcrumb\",\"itemListElement\":[{\"@type\":\"ListItem\",\"position\":1,\"name\":\"Home\",\"item\":\"https:\\\/\\\/wearefrederick.org\\\/\"},{\"@type\":\"ListItem\",\"position\":2,\"name\":\"The FES Way\"}]},{\"@type\":\"WebSite\",\"@id\":\"https:\\\/\\\/wearefrederick.org\\\/#website\",\"url\":\"https:\\\/\\\/wearefrederick.org\\\/\",\"name\":\"Frederick Elementary School\",\"description\":\"A Neighborhood Charter School of Baltimore Curriculum Project\",\"publisher\":{\"@id\":\"https:\\\/\\\/wearefrederick.org\\\/#organization\"},\"potentialAction\":[{\"@type\":\"SearchAction\",\"target\":{\"@type\":\"EntryPoint\",\"urlTemplate\":\"https:\\\/\\\/wearefrederick.org\\\/?s={search_term_string}\"},\"query-input\":{\"@type\":\"PropertyValueSpecification\",\"valueRequired\":true,\"valueName\":\"search_term_string\"}}],\"inLanguage\":\"fr-FR\"},{\"@type\":\"Organization\",\"@id\":\"https:\\\/\\\/wearefrederick.org\\\/#organization\",\"name\":\"Frederick Elementary School\",\"url\":\"https:\\\/\\\/wearefrederick.org\\\/\",\"logo\":{\"@type\":\"ImageObject\",\"inLanguage\":\"fr-FR\",\"@id\":\"https:\\\/\\\/wearefrederick.org\\\/#\\\/schema\\\/logo\\\/image\\\/\",\"url\":\"https:\\\/\\\/wolfestreet.wpengine.com\\\/wp-content\\\/uploads\\\/2022\\\/09\\\/pimlico_logo_tagline.jpg\",\"contentUrl\":\"https:\\\/\\\/wolfestreet.wpengine.com\\\/wp-content\\\/uploads\\\/2022\\\/09\\\/pimlico_logo_tagline.jpg\",\"width\":488,\"height\":185,\"caption\":\"Frederick Elementary School\"},\"image\":{\"@id\":\"https:\\\/\\\/wearefrederick.org\\\/#\\\/schema\\\/logo\\\/image\\\/\"},\"sameAs\":[\"https:\\\/\\\/www.facebook.com\\\/Pimlico223\",\"https:\\\/\\\/www.instagram.com\\\/pimlico223\\\/\"]}]}<\/script>\n<!-- \/ Yoast SEO plugin. -->","yoast_head_json":{"title":"La m\u00e9thode FES | \u00c9cole \u00e9l\u00e9mentaire Frederick | \u00c9cole \u00e0 charte de la ville de Baltimore","description":"La Wolfe Street Academy est une \u00e9cole \u00e0 charte de quartier g\u00e9r\u00e9e par le Baltimore Curriculum Project.","robots":{"index":"index","follow":"follow","max-snippet":"max-snippet:-1","max-image-preview":"max-image-preview:large","max-video-preview":"max-video-preview:-1"},"canonical":"https:\/\/wearefrederick.org\/fr\/thefesway\/","og_locale":"fr_FR","og_type":"article","og_title":"The FES Way | Frederick Elementary School | Baltimore City Charter School","og_description":"Wolfe Street Academy is a neighborhood charter school operated by the Baltimore Curriculum Project.","og_url":"https:\/\/wearefrederick.org\/fr\/thefesway\/","og_site_name":"Frederick Elementary School","article_publisher":"https:\/\/www.facebook.com\/Pimlico223","article_modified_time":"2024-10-28T17:59:58+00:00","twitter_card":"summary_large_image","twitter_misc":{"Dur\u00e9e de lecture estim\u00e9e":"4 minutes"},"schema":{"@context":"https:\/\/schema.org","@graph":[{"@type":"WebPage","@id":"https:\/\/wearefrederick.org\/thefesway\/","url":"https:\/\/wearefrederick.org\/thefesway\/","name":"La m\u00e9thode FES | \u00c9cole \u00e9l\u00e9mentaire Frederick | \u00c9cole \u00e0 charte de la ville de Baltimore","isPartOf":{"@id":"https:\/\/wearefrederick.org\/#website"},"datePublished":"2022-09-14T16:38:09+00:00","dateModified":"2024-10-28T17:59:58+00:00","description":"La Wolfe Street Academy est une \u00e9cole \u00e0 charte de quartier g\u00e9r\u00e9e par le Baltimore Curriculum Project.","breadcrumb":{"@id":"https:\/\/wearefrederick.org\/thefesway\/#breadcrumb"},"inLanguage":"fr-FR","potentialAction":[{"@type":"ReadAction","target":["https:\/\/wearefrederick.org\/thefesway\/"]}]},{"@type":"BreadcrumbList","@id":"https:\/\/wearefrederick.org\/thefesway\/#breadcrumb","itemListElement":[{"@type":"ListItem","position":1,"name":"Home","item":"https:\/\/wearefrederick.org\/"},{"@type":"ListItem","position":2,"name":"The FES Way"}]},{"@type":"WebSite","@id":"https:\/\/wearefrederick.org\/#website","url":"https:\/\/wearefrederick.org\/","name":"\u00c9cole primaire de Frederick","description":"Un projet de programme scolaire de la Neighborhood Charter School de Baltimore","publisher":{"@id":"https:\/\/wearefrederick.org\/#organization"},"potentialAction":[{"@type":"SearchAction","target":{"@type":"EntryPoint","urlTemplate":"https:\/\/wearefrederick.org\/?s={search_term_string}"},"query-input":{"@type":"PropertyValueSpecification","valueRequired":true,"valueName":"search_term_string"}}],"inLanguage":"fr-FR"},{"@type":"Organization","@id":"https:\/\/wearefrederick.org\/#organization","name":"\u00c9cole primaire de Frederick","url":"https:\/\/wearefrederick.org\/","logo":{"@type":"ImageObject","inLanguage":"fr-FR","@id":"https:\/\/wearefrederick.org\/#\/schema\/logo\/image\/","url":"https:\/\/wolfestreet.wpengine.com\/wp-content\/uploads\/2022\/09\/pimlico_logo_tagline.jpg","contentUrl":"https:\/\/wolfestreet.wpengine.com\/wp-content\/uploads\/2022\/09\/pimlico_logo_tagline.jpg","width":488,"height":185,"caption":"Frederick Elementary School"},"image":{"@id":"https:\/\/wearefrederick.org\/#\/schema\/logo\/image\/"},"sameAs":["https:\/\/www.facebook.com\/Pimlico223","https:\/\/www.instagram.com\/pimlico223\/"]}]}},"featured_image_src":null,"featured_image_src_square":null,"_links":{"self":[{"href":"https:\/\/wearefrederick.org\/fr\/wp-json\/wp\/v2\/pages\/105","targetHints":{"allow":["GET"]}}],"collection":[{"href":"https:\/\/wearefrederick.org\/fr\/wp-json\/wp\/v2\/pages"}],"about":[{"href":"https:\/\/wearefrederick.org\/fr\/wp-json\/wp\/v2\/types\/page"}],"author":[{"embeddable":true,"href":"https:\/\/wearefrederick.org\/fr\/wp-json\/wp\/v2\/users\/2"}],"replies":[{"embeddable":true,"href":"https:\/\/wearefrederick.org\/fr\/wp-json\/wp\/v2\/comments?post=105"}],"version-history":[{"count":0,"href":"https:\/\/wearefrederick.org\/fr\/wp-json\/wp\/v2\/pages\/105\/revisions"}],"wp:attachment":[{"href":"https:\/\/wearefrederick.org\/fr\/wp-json\/wp\/v2\/media?parent=105"}],"curies":[{"name":"wp","href":"https:\/\/api.w.org\/{rel}","templated":true}]}}