
{"id":451,"date":"2024-02-14T13:23:36","date_gmt":"2024-02-14T18:23:36","guid":{"rendered":"https:\/\/wearefrederick.org\/?page_id=451"},"modified":"2024-10-28T13:56:28","modified_gmt":"2024-10-28T17:56:28","slug":"compliance","status":"publish","type":"page","link":"https:\/\/wearefrederick.org\/es\/compliance\/","title":{"rendered":"Enriquecimiento"},"content":{"rendered":"<div id=\"fws_69df6d80ec00e\"  data-column-margin=\"10px\" data-midnight=\"light\"  class=\"wpb_row vc_row-fluid vc_row full-width-section has-row-bg-color vc_row-o-equal-height vc_row-flex vc_row-o-content-middle\"  style=\"padding-top: 0px; padding-bottom: 0px; --row-bg-color: #0a149f;\"><div class=\"row-bg-wrap\" data-bg-animation=\"none\" data-bg-animation-delay=\"\" data-bg-overlay=\"false\"><div class=\"inner-wrap row-bg-layer\" ><div class=\"row-bg viewport-desktop using-bg-color\"  style=\"background-color: #0a149f; \"><\/div><\/div><\/div><div class=\"row_col_wrap_12 col span_12 light right\">\n\t<div  class=\"vc_col-sm-6 vc_col-xs-12 wpb_column column_container vc_column_container col padding-8-percent force-phone-text-align-center inherit_tablet padding-2-percent_phone\"  data-padding-pos=\"all\" data-has-bg-color=\"false\" data-bg-color=\"\" data-bg-opacity=\"1\" data-animation=\"\" data-delay=\"0\" >\n\t\t<div class=\"vc_column-inner\" >\n\t\t\t<div class=\"wpb_wrapper\">\n\t\t\t\t\n<div class=\"wpb_text_column wpb_content_element\" >\n\t<h1>Enriquecimiento<\/h1>\n<\/div>\n\n\n\n\n\t\t\t<\/div> \n\t\t<\/div>\n\t<\/div> \n\n\t<div style=\"\" class=\"vc_col-sm-3 vc_col-xs-6 wpb_column column_container vc_column_container col no-extra-padding inherit_tablet padding-8-percent_phone\" data-using-bg=\"true\" data-bg-cover=\"true\" data-padding-pos=\"all\" data-has-bg-color=\"false\" data-bg-color=\"\" data-bg-opacity=\"1\" data-animation=\"\" data-delay=\"0\" >\n\t\t<div class=\"vc_column-inner\" ><div class=\"column-image-bg-wrap column-bg-layer viewport-desktop\" data-bg-pos=\"center top\" data-bg-animation=\"none\" data-bg-overlay=\"false\"><div class=\"inner-wrap\"><div class=\"column-image-bg\" style=\" background-image: url('https:\/\/wearefrederick.org\/wp-content\/uploads\/2024\/10\/Frederick463.jpg'); \"><\/div><\/div><\/div>\n\t\t\t<div class=\"wpb_wrapper\">\n\t\t\t\t\n\t\t\t<\/div> \n\t\t<\/div>\n\t<\/div> \n\n\t<div style=\"\" class=\"vc_col-sm-3 vc_col-xs-6 wpb_column column_container vc_column_container col no-extra-padding inherit_tablet padding-8-percent_phone\" data-using-bg=\"true\" data-bg-cover=\"true\" data-padding-pos=\"all\" data-has-bg-color=\"false\" data-bg-color=\"\" data-bg-opacity=\"1\" data-animation=\"\" data-delay=\"0\" >\n\t\t<div class=\"vc_column-inner\" ><div class=\"column-image-bg-wrap column-bg-layer viewport-desktop\" data-bg-pos=\"center center\" data-bg-animation=\"none\" data-bg-overlay=\"false\"><div class=\"inner-wrap\"><div class=\"column-image-bg\" style=\" background-image: url('https:\/\/wearefrederick.org\/wp-content\/uploads\/2024\/10\/Frederick46.jpg'); \"><\/div><\/div><\/div>\n\t\t\t<div class=\"wpb_wrapper\">\n\t\t\t\t\n\t\t\t<\/div> \n\t\t<\/div>\n\t<\/div> \n<\/div><\/div>\n\t\t<div id=\"home\"  data-column-margin=\"90px\" data-midnight=\"dark\"  class=\"wpb_row vc_row-fluid vc_row full-width-section has-row-bg-color vc_row-o-equal-height vc_row-flex  top_margin_0px reverse_columns_column_tablet reverse_columns_column_phone top_padding_tablet_8pct bottom_padding_tablet_8pct\"  style=\"padding-top: 0px; padding-bottom: 0px; --row-bg-color: #ffffff;\"><div class=\"row-bg-wrap\" data-bg-animation=\"none\" data-bg-animation-delay=\"\" data-bg-overlay=\"false\"><div class=\"inner-wrap row-bg-layer\" ><div class=\"row-bg viewport-desktop using-bg-color\"  style=\"background-color: #ffffff; \"><\/div><\/div><\/div><div class=\"row_col_wrap_12 col span_12 dark left\">\n\t<div style=\"\" class=\"vc_col-sm-6 vc_col-xs-12 wpb_column column_container vc_column_container col no-extra-padding inherit_tablet inherit_phone\" data-using-bg=\"true\" data-bg-cover=\"true\" data-padding-pos=\"all\" data-has-bg-color=\"false\" data-bg-color=\"\" data-bg-opacity=\"1\" data-animation=\"\" data-delay=\"0\" >\n\t\t<div class=\"vc_column-inner\" ><div class=\"column-image-bg-wrap column-bg-layer viewport-desktop\" data-bg-pos=\"center center\" data-bg-animation=\"none\" data-bg-overlay=\"false\"><div class=\"inner-wrap\"><div class=\"column-image-bg\" style=\" background-image: url('https:\/\/wearefrederick.org\/wp-content\/uploads\/2024\/10\/Frederick242.jpg'); \"><\/div><\/div><\/div>\n\t\t\t<div class=\"wpb_wrapper\">\n\t\t\t\t<div class=\"divider-wrap height_tablet_45vh height_phone_25vh\" data-alignment=\"default\"><div style=\"height: 30vh;\" class=\"divider\"><\/div><\/div>\n\t\t\t<\/div> \n\t\t<\/div>\n\t<\/div> \n\n\t<div  class=\"vc_col-sm-6 vc_col-xs-12 wpb_column column_container vc_column_container col padding-6-percent el_spacing_10px no-extra-padding_tablet no-extra-padding_phone\"  data-padding-pos=\"top-bottom\" data-has-bg-color=\"false\" data-bg-color=\"\" data-bg-opacity=\"1\" data-animation=\"\" data-delay=\"0\" >\n\t\t<div class=\"vc_column-inner\" >\n\t\t\t<div class=\"wpb_wrapper\">\n\t\t\t\t\n<div class=\"wpb_text_column wpb_content_element\" >\n\t<h2><span style=\"color: #0a149f;\">Ofertas de enriquecimiento<\/span><\/h2>\n<p>Adem\u00e1s de las \u00e1reas de contenido acad\u00e9mico b\u00e1sicas, los estudiantes de FES se benefician de la participaci\u00f3n diaria en artes relacionadas, como bibliotecolog\u00eda y ciencias de los medios, educaci\u00f3n f\u00edsica, artes visuales y opciones opcionales durante el a\u00f1o, como danza y percusi\u00f3n cultural. Los estudiantes tambi\u00e9n reciben instrucci\u00f3n en un idioma extranjero semanalmente y pueden participar en grupos de afinidad y apoyo patrocinados por el personal.<\/p>\n<\/div>\n\n\n\n\n\t\t\t<\/div> \n\t\t<\/div>\n\t<\/div> \n<\/div><\/div>\n\t\t<div id=\"fws_69df6d80efeaf\"  data-column-margin=\"default\" data-midnight=\"dark\"  class=\"wpb_row vc_row-fluid vc_row full-width-content has-row-bg-color vc_row-o-equal-height vc_row-flex vc_row-o-content-middle\"  style=\"padding-top: 0px; padding-bottom: 0px; --row-bg-color: #d1d1d1;\"><div class=\"row-bg-wrap\" data-bg-animation=\"none\" data-bg-animation-delay=\"\" data-bg-overlay=\"false\"><div class=\"inner-wrap row-bg-layer\" ><div class=\"row-bg viewport-desktop using-bg-color\"  style=\"background-color: #d1d1d1; \"><\/div><\/div><\/div><div class=\"row_col_wrap_12 col span_12 dark left\">\n\t<div  class=\"vc_col-sm-8 wpb_column column_container vc_column_container col padding-4-percent inherit_tablet inherit_phone\"  data-padding-pos=\"all\" data-has-bg-color=\"false\" data-bg-color=\"\" data-bg-opacity=\"1\" data-animation=\"\" data-delay=\"0\" >\n\t\t<div class=\"vc_column-inner\" >\n\t\t\t<div class=\"wpb_wrapper\">\n\t\t\t\t\n<div class=\"wpb_text_column wpb_content_element\" >\n\t<h2><span style=\"color: #0a149f;\">Programas extracurriculares y de verano<\/span><\/h2>\n<div class=\"wpb_text_column wpb_content_element\">\n<div class=\"wpb_wrapper\">\n<p>Ofrecemos programas gratuitos extraescolares y de verano para estudiantes desde jard\u00edn de infantes hasta quinto grado que incluyen apoyo acad\u00e9mico, actividades divertidas de enriquecimiento, clubes, refrigerios y una comida. Nuestros maestros, personal de recursos y voluntarios lideran los programas gratuitos extraescolares y de verano financiados con subvenciones.<\/p>\n<p>Los clubes extraescolares incluyen:<\/p>\n<ul>\n<li aria-level=\"1\">Equipo verde<\/li>\n<li aria-level=\"1\">Equipo de ajedrez con\u00a0<a href=\"https:\/\/boardroomchess.wixsite.com\/theboardroom-chess\" rel=\"noopener\">El ajedrez de la sala de juntas<\/a><\/li>\n<li aria-level=\"1\"><a href=\"https:\/\/girlswhocode.com\/\" rel=\"noopener\">Chicas que codifican a nivel nacional<\/a><\/li>\n<li aria-level=\"1\">Tamborileo con baldes<\/li>\n<li aria-level=\"1\">Bailar<\/li>\n<li aria-level=\"1\">Artes culinarias con\u00a0<a href=\"https:\/\/www.sowhatelse.org\/\" rel=\"noopener\">\u00bfY qu\u00e9 m\u00e1s?<\/a><\/li>\n<li aria-level=\"1\">Fotograf\u00eda<\/li>\n<li aria-level=\"1\">Artes y manualidades<\/li>\n<\/ul>\n<\/div>\n<\/div>\n<\/div>\n\n\n\n<a class=\"nectar-button jumbo regular extra-color-2  regular-button\"  role=\"button\" style=\"color: #0a149f; \" target=\"_blank\" href=\"mailto:janikka.simms@wearefrederick.org\" data-color-override=\"false\" data-hover-color-override=\"false\" data-hover-text-color-override=\"#fff\"><span>Para obtener m\u00e1s informaci\u00f3n, p\u00f3ngase en contacto con Janikka Simms<\/span><\/a>\n\t\t\t<\/div> \n\t\t<\/div>\n\t<\/div> \n\n\t<div style=\"\" class=\"vc_col-sm-4 wpb_column column_container vc_column_container col no-extra-padding inherit_tablet padding-1-percent_phone\" data-using-bg=\"true\" data-bg-cover=\"true\" data-padding-pos=\"all\" data-has-bg-color=\"false\" data-bg-color=\"\" data-bg-opacity=\"1\" data-animation=\"\" data-delay=\"0\" >\n\t\t<div class=\"vc_column-inner\" ><div class=\"column-image-bg-wrap column-bg-layer viewport-desktop\" data-bg-pos=\"center center\" data-bg-animation=\"none\" data-bg-overlay=\"false\"><div class=\"inner-wrap\"><div class=\"column-image-bg\" style=\" background-image: url('https:\/\/wearefrederick.org\/wp-content\/uploads\/2024\/10\/Frederick58.jpg'); \"><\/div><\/div><\/div>\n\t\t\t<div class=\"wpb_wrapper\">\n\t\t\t\t<div class=\"divider-wrap\" data-alignment=\"default\"><div style=\"height: 20vh;\" class=\"divider\"><\/div><\/div>\n\t\t\t<\/div> \n\t\t<\/div>\n\t<\/div> \n<\/div><\/div>","protected":false},"excerpt":{"rendered":"Enrichment Enrichment Offerings Along with the core academic content areas, students at FES benefit from daily engagement with related arts, including Library\/Media Science, Physical Education, Visual Art; and optional choices...","protected":false},"author":2,"featured_media":0,"parent":0,"menu_order":0,"comment_status":"closed","ping_status":"closed","template":"","meta":{"footnotes":""},"class_list":["post-451","page","type-page","status-publish"],"yoast_head":"<!-- This site is optimized with the Yoast SEO plugin v27.4 - https:\/\/yoast.com\/product\/yoast-seo-wordpress\/ -->\n<title>Enrichment | Frederick Elementary School | Baltimore, MD<\/title>\n<meta name=\"description\" content=\"Our small size and proven curriculum mean we can customize learning to each student\u2019s strengths and needs.\" \/>\n<meta name=\"robots\" content=\"index, follow, max-snippet:-1, max-image-preview:large, max-video-preview:-1\" \/>\n<link rel=\"canonical\" href=\"https:\/\/wearefrederick.org\/es\/compliance\/\" \/>\n<meta property=\"og:locale\" content=\"es_ES\" \/>\n<meta property=\"og:type\" content=\"article\" \/>\n<meta property=\"og:title\" content=\"Enrichment | Frederick Elementary School | Baltimore, MD\" \/>\n<meta property=\"og:description\" content=\"Our small size and proven curriculum mean we can customize learning to each student\u2019s strengths and needs.\" \/>\n<meta property=\"og:url\" content=\"https:\/\/wearefrederick.org\/es\/compliance\/\" \/>\n<meta property=\"og:site_name\" content=\"Frederick Elementary School\" \/>\n<meta property=\"article:publisher\" content=\"https:\/\/www.facebook.com\/Pimlico223\" \/>\n<meta property=\"article:modified_time\" content=\"2024-10-28T17:56:28+00:00\" \/>\n<meta name=\"twitter:card\" content=\"summary_large_image\" \/>\n<meta name=\"twitter:label1\" content=\"Est. reading time\" \/>\n\t<meta name=\"twitter:data1\" content=\"2 minutos\" \/>\n<script type=\"application\/ld+json\" class=\"yoast-schema-graph\">{\"@context\":\"https:\\\/\\\/schema.org\",\"@graph\":[{\"@type\":\"WebPage\",\"@id\":\"https:\\\/\\\/wearefrederick.org\\\/compliance\\\/\",\"url\":\"https:\\\/\\\/wearefrederick.org\\\/compliance\\\/\",\"name\":\"Enrichment | Frederick Elementary School | Baltimore, MD\",\"isPartOf\":{\"@id\":\"https:\\\/\\\/wearefrederick.org\\\/#website\"},\"datePublished\":\"2024-02-14T18:23:36+00:00\",\"dateModified\":\"2024-10-28T17:56:28+00:00\",\"description\":\"Our small size and proven curriculum mean we can customize learning to each student\u2019s strengths and needs.\",\"breadcrumb\":{\"@id\":\"https:\\\/\\\/wearefrederick.org\\\/compliance\\\/#breadcrumb\"},\"inLanguage\":\"es\",\"potentialAction\":[{\"@type\":\"ReadAction\",\"target\":[\"https:\\\/\\\/wearefrederick.org\\\/compliance\\\/\"]}]},{\"@type\":\"BreadcrumbList\",\"@id\":\"https:\\\/\\\/wearefrederick.org\\\/compliance\\\/#breadcrumb\",\"itemListElement\":[{\"@type\":\"ListItem\",\"position\":1,\"name\":\"Home\",\"item\":\"https:\\\/\\\/wearefrederick.org\\\/\"},{\"@type\":\"ListItem\",\"position\":2,\"name\":\"Enrichment\"}]},{\"@type\":\"WebSite\",\"@id\":\"https:\\\/\\\/wearefrederick.org\\\/#website\",\"url\":\"https:\\\/\\\/wearefrederick.org\\\/\",\"name\":\"Frederick Elementary School\",\"description\":\"A Neighborhood Charter School of Baltimore Curriculum Project\",\"publisher\":{\"@id\":\"https:\\\/\\\/wearefrederick.org\\\/#organization\"},\"potentialAction\":[{\"@type\":\"SearchAction\",\"target\":{\"@type\":\"EntryPoint\",\"urlTemplate\":\"https:\\\/\\\/wearefrederick.org\\\/?s={search_term_string}\"},\"query-input\":{\"@type\":\"PropertyValueSpecification\",\"valueRequired\":true,\"valueName\":\"search_term_string\"}}],\"inLanguage\":\"es\"},{\"@type\":\"Organization\",\"@id\":\"https:\\\/\\\/wearefrederick.org\\\/#organization\",\"name\":\"Frederick Elementary School\",\"url\":\"https:\\\/\\\/wearefrederick.org\\\/\",\"logo\":{\"@type\":\"ImageObject\",\"inLanguage\":\"es\",\"@id\":\"https:\\\/\\\/wearefrederick.org\\\/#\\\/schema\\\/logo\\\/image\\\/\",\"url\":\"https:\\\/\\\/wolfestreet.wpengine.com\\\/wp-content\\\/uploads\\\/2022\\\/09\\\/pimlico_logo_tagline.jpg\",\"contentUrl\":\"https:\\\/\\\/wolfestreet.wpengine.com\\\/wp-content\\\/uploads\\\/2022\\\/09\\\/pimlico_logo_tagline.jpg\",\"width\":488,\"height\":185,\"caption\":\"Frederick Elementary School\"},\"image\":{\"@id\":\"https:\\\/\\\/wearefrederick.org\\\/#\\\/schema\\\/logo\\\/image\\\/\"},\"sameAs\":[\"https:\\\/\\\/www.facebook.com\\\/Pimlico223\",\"https:\\\/\\\/www.instagram.com\\\/pimlico223\\\/\"]}]}<\/script>\n<!-- \/ Yoast SEO plugin. -->","yoast_head_json":{"title":"Enriquecimiento | Escuela primaria Frederick | Baltimore, MD","description":"Nuestro reducido tama\u00f1o y nuestro plan de estudios de eficacia probada nos permiten adaptar el aprendizaje a los puntos fuertes y las necesidades de cada alumno.","robots":{"index":"index","follow":"follow","max-snippet":"max-snippet:-1","max-image-preview":"max-image-preview:large","max-video-preview":"max-video-preview:-1"},"canonical":"https:\/\/wearefrederick.org\/es\/compliance\/","og_locale":"es_ES","og_type":"article","og_title":"Enrichment | Frederick Elementary School | Baltimore, MD","og_description":"Our small size and proven curriculum mean we can customize learning to each student\u2019s strengths and needs.","og_url":"https:\/\/wearefrederick.org\/es\/compliance\/","og_site_name":"Frederick Elementary School","article_publisher":"https:\/\/www.facebook.com\/Pimlico223","article_modified_time":"2024-10-28T17:56:28+00:00","twitter_card":"summary_large_image","twitter_misc":{"Est. reading time":"2 minutos"},"schema":{"@context":"https:\/\/schema.org","@graph":[{"@type":"WebPage","@id":"https:\/\/wearefrederick.org\/compliance\/","url":"https:\/\/wearefrederick.org\/compliance\/","name":"Enriquecimiento | Escuela primaria Frederick | Baltimore, MD","isPartOf":{"@id":"https:\/\/wearefrederick.org\/#website"},"datePublished":"2024-02-14T18:23:36+00:00","dateModified":"2024-10-28T17:56:28+00:00","description":"Nuestro reducido tama\u00f1o y nuestro plan de estudios de eficacia probada nos permiten adaptar el aprendizaje a los puntos fuertes y las necesidades de cada alumno.","breadcrumb":{"@id":"https:\/\/wearefrederick.org\/compliance\/#breadcrumb"},"inLanguage":"es","potentialAction":[{"@type":"ReadAction","target":["https:\/\/wearefrederick.org\/compliance\/"]}]},{"@type":"BreadcrumbList","@id":"https:\/\/wearefrederick.org\/compliance\/#breadcrumb","itemListElement":[{"@type":"ListItem","position":1,"name":"Home","item":"https:\/\/wearefrederick.org\/"},{"@type":"ListItem","position":2,"name":"Enrichment"}]},{"@type":"WebSite","@id":"https:\/\/wearefrederick.org\/#website","url":"https:\/\/wearefrederick.org\/","name":"Frederick Elementary School","description":"Un proyecto curricular de la Neighborhood Charter School de Baltimore","publisher":{"@id":"https:\/\/wearefrederick.org\/#organization"},"potentialAction":[{"@type":"SearchAction","target":{"@type":"EntryPoint","urlTemplate":"https:\/\/wearefrederick.org\/?s={search_term_string}"},"query-input":{"@type":"PropertyValueSpecification","valueRequired":true,"valueName":"search_term_string"}}],"inLanguage":"es"},{"@type":"Organization","@id":"https:\/\/wearefrederick.org\/#organization","name":"Frederick Elementary School","url":"https:\/\/wearefrederick.org\/","logo":{"@type":"ImageObject","inLanguage":"es","@id":"https:\/\/wearefrederick.org\/#\/schema\/logo\/image\/","url":"https:\/\/wolfestreet.wpengine.com\/wp-content\/uploads\/2022\/09\/pimlico_logo_tagline.jpg","contentUrl":"https:\/\/wolfestreet.wpengine.com\/wp-content\/uploads\/2022\/09\/pimlico_logo_tagline.jpg","width":488,"height":185,"caption":"Frederick Elementary School"},"image":{"@id":"https:\/\/wearefrederick.org\/#\/schema\/logo\/image\/"},"sameAs":["https:\/\/www.facebook.com\/Pimlico223","https:\/\/www.instagram.com\/pimlico223\/"]}]}},"featured_image_src":null,"featured_image_src_square":null,"_links":{"self":[{"href":"https:\/\/wearefrederick.org\/es\/wp-json\/wp\/v2\/pages\/451","targetHints":{"allow":["GET"]}}],"collection":[{"href":"https:\/\/wearefrederick.org\/es\/wp-json\/wp\/v2\/pages"}],"about":[{"href":"https:\/\/wearefrederick.org\/es\/wp-json\/wp\/v2\/types\/page"}],"author":[{"embeddable":true,"href":"https:\/\/wearefrederick.org\/es\/wp-json\/wp\/v2\/users\/2"}],"replies":[{"embeddable":true,"href":"https:\/\/wearefrederick.org\/es\/wp-json\/wp\/v2\/comments?post=451"}],"version-history":[{"count":0,"href":"https:\/\/wearefrederick.org\/es\/wp-json\/wp\/v2\/pages\/451\/revisions"}],"wp:attachment":[{"href":"https:\/\/wearefrederick.org\/es\/wp-json\/wp\/v2\/media?parent=451"}],"curies":[{"name":"wp","href":"https:\/\/api.w.org\/{rel}","templated":true}]}}