
{"id":105,"date":"2022-09-14T12:38:09","date_gmt":"2022-09-14T16:38:09","guid":{"rendered":"https:\/\/pimlico.wpengine.com\/?page_id=105"},"modified":"2024-10-28T13:59:58","modified_gmt":"2024-10-28T17:59:58","slug":"thefesway","status":"publish","type":"page","link":"https:\/\/wearefrederick.org\/es\/thefesway\/","title":{"rendered":"El m\u00e9todo FES"},"content":{"rendered":"<div id=\"fws_69fef622c073e\"  data-column-margin=\"10px\" data-midnight=\"light\"  class=\"wpb_row vc_row-fluid vc_row full-width-section has-row-bg-color vc_row-o-equal-height vc_row-flex\"  style=\"padding-top: 0px; padding-bottom: 0px; --row-bg-color: #0a149f;\"><div class=\"row-bg-wrap\" data-bg-animation=\"none\" data-bg-animation-delay=\"\" data-bg-overlay=\"false\"><div class=\"inner-wrap row-bg-layer\" ><div class=\"row-bg viewport-desktop using-bg-color\"  style=\"background-color: #0a149f; \"><\/div><\/div><\/div><div class=\"row_col_wrap_12 col span_12 light right\">\n\t<div  class=\"vc_col-sm-6 vc_col-xs-12 wpb_column column_container vc_column_container col padding-8-percent force-tablet-text-align-center inherit_tablet padding-2-percent_phone\"  data-padding-pos=\"all\" data-has-bg-color=\"false\" data-bg-color=\"\" data-bg-opacity=\"1\" data-animation=\"\" data-delay=\"0\" >\n\t\t<div class=\"vc_column-inner\" >\n\t\t\t<div class=\"wpb_wrapper\">\n\t\t\t\t\n<div class=\"wpb_text_column wpb_content_element\" >\n\t<h1>El m\u00e9todo FES<\/h1>\n<\/div>\n\n\n\n\n\t\t\t<\/div> \n\t\t<\/div>\n\t<\/div> \n\n\t<div style=\"\" class=\"vc_col-sm-3 vc_col-xs-6 wpb_column column_container vc_column_container col no-extra-padding inherit_tablet padding-8-percent_phone\" data-using-bg=\"true\" data-bg-cover=\"true\" data-padding-pos=\"all\" data-has-bg-color=\"false\" data-bg-color=\"\" data-bg-opacity=\"1\" data-animation=\"\" data-delay=\"0\" >\n\t\t<div class=\"vc_column-inner\" ><div class=\"column-image-bg-wrap column-bg-layer viewport-desktop\" data-bg-pos=\"center center\" data-bg-animation=\"none\" data-bg-overlay=\"false\"><div class=\"inner-wrap\"><div class=\"column-image-bg\" style=\" background-image: url('https:\/\/wearefrederick.org\/wp-content\/uploads\/2024\/10\/Frederick160.jpg'); \"><\/div><\/div><\/div>\n\t\t\t<div class=\"wpb_wrapper\">\n\t\t\t\t\n\t\t\t<\/div> \n\t\t<\/div>\n\t<\/div> \n\n\t<div style=\"\" class=\"vc_col-sm-3 vc_col-xs-6 wpb_column column_container vc_column_container col no-extra-padding inherit_tablet padding-8-percent_phone\" data-using-bg=\"true\" data-bg-cover=\"true\" data-padding-pos=\"all\" data-has-bg-color=\"false\" data-bg-color=\"\" data-bg-opacity=\"1\" data-animation=\"\" data-delay=\"0\" >\n\t\t<div class=\"vc_column-inner\" ><div class=\"column-image-bg-wrap column-bg-layer viewport-desktop\" data-bg-pos=\"center center\" data-bg-animation=\"none\" data-bg-overlay=\"false\"><div class=\"inner-wrap\"><div class=\"column-image-bg\" style=\" background-image: url('https:\/\/wearefrederick.org\/wp-content\/uploads\/2024\/10\/Frederick263.jpg'); \"><\/div><\/div><\/div>\n\t\t\t<div class=\"wpb_wrapper\">\n\t\t\t\t\n\t\t\t<\/div> \n\t\t<\/div>\n\t<\/div> \n<\/div><\/div>\n\t\t<div id=\"fws_69fef622c17fb\"  data-column-margin=\"default\" data-midnight=\"dark\"  class=\"wpb_row vc_row-fluid vc_row full-width-section has-row-bg-color vc_row-o-equal-height vc_row-flex vc_row-o-content-middle\"  style=\"padding-top: 0px; padding-bottom: 0px; --row-bg-color: #d1d1d1;\"><div class=\"row-bg-wrap\" data-bg-animation=\"none\" data-bg-animation-delay=\"\" data-bg-overlay=\"false\"><div class=\"inner-wrap row-bg-layer\" ><div class=\"row-bg viewport-desktop using-bg-color\"  style=\"background-color: #d1d1d1; \"><\/div><\/div><\/div><div class=\"row_col_wrap_12 col span_12 dark left\">\n\t<div  class=\"vc_col-sm-8 wpb_column column_container vc_column_container col padding-6-percent inherit_tablet inherit_phone\"  data-padding-pos=\"all\" data-has-bg-color=\"false\" data-bg-color=\"\" data-bg-opacity=\"1\" data-animation=\"\" data-delay=\"0\" >\n\t\t<div class=\"vc_column-inner\" >\n\t\t\t<div class=\"wpb_wrapper\">\n\t\t\t\t\n<div class=\"wpb_text_column wpb_content_element\" >\n\t<h2><span style=\"color: #0a149f;\">Pr\u00e1cticas restaurativas<\/span><\/h2>\n<p>Utilizamos el programa de Pr\u00e1cticas Restaurativas para construir una comunidad positiva y reducir los conflictos en nuestra escuela. Desarrollado por <a href=\"https:\/\/www.iirp.edu\/\">Instituto Internacional de Pr\u00e1cticas Restaurativas<\/a>\u00a0Se centra en fortalecer las relaciones y resolver problemas. Las pr\u00e1cticas restaurativas nos ayudan a crear un entorno respetuoso e incluyen ambas formas de construir conexiones y repararlas cuando se produce un da\u00f1o.<\/p>\n<h3><b>Mediadores entre pares <\/b><\/h3>\n<p>Nuestros mediadores entre pares capacitados, alumnos de 4.\u00ba y 5.\u00ba grado, son l\u00edderes en la escuela primaria Frederick que ayudan a fomentar amistades positivas, resolver conflictos y respaldar las pr\u00e1cticas restaurativas. Estas pr\u00e1cticas crean una comunidad respetuosa, reducen los conflictos y ense\u00f1an habilidades para la resoluci\u00f3n de problemas.<\/p>\n<\/div>\n\n\n\n\n\t\t\t<\/div> \n\t\t<\/div>\n\t<\/div> \n\n\t<div style=\"\" class=\"vc_col-sm-4 wpb_column column_container vc_column_container col no-extra-padding inherit_tablet padding-1-percent_phone\" data-using-bg=\"true\" data-bg-cover=\"true\" data-padding-pos=\"all\" data-has-bg-color=\"false\" data-bg-color=\"\" data-bg-opacity=\"1\" data-animation=\"\" data-delay=\"0\" >\n\t\t<div class=\"vc_column-inner\" ><div class=\"column-image-bg-wrap column-bg-layer viewport-desktop\" data-bg-pos=\"center top\" data-bg-animation=\"none\" data-bg-overlay=\"false\"><div class=\"inner-wrap\"><div class=\"column-image-bg\" style=\" background-image: url('https:\/\/wearefrederick.org\/wp-content\/uploads\/2024\/10\/2022-09-BCP-Branding-11-scaled.jpg'); \"><\/div><\/div><\/div>\n\t\t\t<div class=\"wpb_wrapper\">\n\t\t\t\t<div class=\"divider-wrap height_phone_20vh\" data-alignment=\"default\"><div style=\"height: 35vh;\" class=\"divider\"><\/div><\/div>\n\t\t\t<\/div> \n\t\t<\/div>\n\t<\/div> \n<\/div><\/div>\n\t\t<div id=\"home\"  data-column-margin=\"90px\" data-midnight=\"dark\"  class=\"wpb_row vc_row-fluid vc_row full-width-section has-row-bg-color vc_row-o-equal-height vc_row-flex vc_row-o-content-middle  reverse_columns_column_tablet reverse_columns_column_phone top_padding_tablet_8pct bottom_padding_tablet_8pct\"  style=\"padding-top: 0px; padding-bottom: 0px; --row-bg-color: #ffffff;\"><div class=\"row-bg-wrap\" data-bg-animation=\"none\" data-bg-animation-delay=\"\" data-bg-overlay=\"false\"><div class=\"inner-wrap row-bg-layer\" ><div class=\"row-bg viewport-desktop using-bg-color\"  style=\"background-color: #ffffff; \"><\/div><\/div><\/div><div class=\"row_col_wrap_12 col span_12 dark left\">\n\t<div style=\"\" class=\"vc_col-sm-6 vc_col-xs-12 wpb_column column_container vc_column_container col no-extra-padding inherit_tablet inherit_phone\" data-using-bg=\"true\" data-bg-cover=\"true\" data-padding-pos=\"all\" data-has-bg-color=\"false\" data-bg-color=\"\" data-bg-opacity=\"1\" data-animation=\"\" data-delay=\"0\" >\n\t\t<div class=\"vc_column-inner\" ><div class=\"column-image-bg-wrap column-bg-layer viewport-desktop has-phone\" data-bg-pos=\"center center\" data-bg-animation=\"none\" data-bg-overlay=\"false\"><div class=\"inner-wrap\"><div class=\"column-image-bg\" style=\" background-image: url('https:\/\/wearefrederick.org\/wp-content\/uploads\/2024\/10\/2022-09-BCP-Branding-26-scaled.jpg'); \"><\/div><\/div><\/div><div class=\"column-image-bg-wrap column-bg-layer viewport-phone\" data-bg-pos=\"center center\" data-bg-animation=\"none\" data-bg-overlay=\"false\"><div class=\"inner-wrap\"><div class=\"column-image-bg\" style=\" background-image: url('https:\/\/wearefrederick.org\/wp-content\/uploads\/2023\/10\/Wolfe-Street-Ezone-CROP.jpg'); \"><\/div><\/div><\/div>\n\t\t\t<div class=\"wpb_wrapper\">\n\t\t\t\t<div class=\"divider-wrap height_tablet_40vh height_phone_45vh\" data-alignment=\"default\"><div style=\"height: 35vh;\" class=\"divider\"><\/div><\/div>\n\t\t\t<\/div> \n\t\t<\/div>\n\t<\/div> \n\n\t<div style=\"z-index: 100; \" class=\"vc_col-sm-6 vc_col-xs-12 wpb_column column_container vc_column_container col padding-3-percent el_spacing_10px no-extra-padding_tablet no-extra-padding_phone\"  data-padding-pos=\"top-right\" data-has-bg-color=\"false\" data-bg-color=\"\" data-bg-opacity=\"1\" data-animation=\"\" data-delay=\"0\" >\n\t\t<div class=\"vc_column-inner\" >\n\t\t\t<div class=\"wpb_wrapper\">\n\t\t\t\t<div id=\"fws_69fef622c311b\" data-midnight=\"\" data-column-margin=\"default\" class=\"wpb_row vc_row-fluid vc_row inner_row\"  style=\"\"><div class=\"row-bg-wrap\"> <div class=\"row-bg\" ><\/div> <\/div><div class=\"row_col_wrap_12_inner col span_12  left\">\n\t<div  class=\"vc_col-sm-12 wpb_column column_container vc_column_container col child_column has-animation no-extra-padding el_spacing_5px inherit_tablet inherit_phone\"   data-padding-pos=\"all\" data-has-bg-color=\"false\" data-bg-color=\"\" data-bg-opacity=\"1\" data-animation=\"fade-in-from-bottom\" data-delay=\"0\" >\n\t\t<div class=\"vc_column-inner\" >\n\t\t<div class=\"wpb_wrapper\">\n\t\t\t\n<div class=\"wpb_text_column wpb_content_element\" >\n\t<h2><span style=\"color: #0a149f;\"><b>Reuniones comunitarias<br \/>\n<\/b><\/span><\/h2>\n<p>Una de las principales formas en que construimos una comunidad en Frederick Elementary es a trav\u00e9s de nuestras reuniones comunitarias semanales. Todos los viernes, los estudiantes y el personal se re\u00fanen durante 30 minutos para celebrar los logros, centrarse en nuestras Afirmaciones y H\u00e1bitos Mentales, hablar sobre eventos actuales o discutir formas de mejorar el entorno de aprendizaje. Estas reuniones suelen estar dirigidas por un maestro, pero a veces los estudiantes tambi\u00e9n las dirigen. Los padres que quieran asistir deben comunicarse con el maestro de su hijo.<\/p>\n<\/div>\n\n\n\n<div class=\"divider-wrap\" data-alignment=\"default\"><div style=\"height: 25px;\" class=\"divider\"><\/div><\/div>\n\t\t<\/div> \n\t<\/div>\n\t<\/div> \n<\/div><\/div>\n\t\t\t<\/div> \n\t\t<\/div>\n\t<\/div> \n<\/div><\/div>\n\t\t<div id=\"fws_69fef622c3571\"  data-column-margin=\"default\" data-midnight=\"dark\"  class=\"wpb_row vc_row-fluid vc_row full-width-section has-row-bg-color\"  style=\"padding-top: 0px; padding-bottom: 0px; --row-bg-color: #0a149f;\"><div class=\"row-bg-wrap\" data-bg-animation=\"none\" data-bg-animation-delay=\"\" data-bg-overlay=\"false\"><div class=\"inner-wrap row-bg-layer\" ><div class=\"row-bg viewport-desktop using-bg-color\"  style=\"background-color: #0a149f; \"><\/div><\/div><\/div><div class=\"row_col_wrap_12 col span_12 dark left\">\n\t<div style=\" color: #ffffff;\" class=\"vc_col-sm-12 wpb_column column_container vc_column_container col centered-text padding-5-percent inherit_tablet inherit_phone\" data-cfc=\"true\"  data-padding-pos=\"all\" data-has-bg-color=\"false\" data-bg-color=\"\" data-bg-opacity=\"1\" data-animation=\"\" data-delay=\"0\" >\n\t\t<div class=\"vc_column-inner\" >\n\t\t\t<div class=\"wpb_wrapper\">\n\t\t\t\t\n<div class=\"wpb_text_column wpb_content_element\" >\n\t<h2>C\u00edrculo de la ma\u00f1ana<\/h2>\n<section id=\"restorative\" class=\"bordered-content\">El c\u00edrculo matutino en la escuela primaria Frederick es un momento para que los estudiantes se conecten con sus compa\u00f1eros y maestros. Los objetivos son:<\/p>\n<ul>\n<li style=\"text-align: left;\">Construir una comunidad respetuosa y positiva<\/li>\n<li style=\"text-align: left;\">Promover los 3 valores pilares, las 5 afirmaciones y los h\u00e1bitos mentales de la escuela.<\/li>\n<li style=\"text-align: left;\">Animar a los estudiantes a hablar sobre temas importantes.<\/li>\n<li style=\"text-align: left;\">Crear un espacio seguro para que los estudiantes crezcan como individuos.<\/li>\n<\/ul>\n<\/section>\n<\/div>\n\n\n\n\n\t\t\t<\/div> \n\t\t<\/div>\n\t<\/div> \n<\/div><\/div>\n\t\t<div id=\"enroll\"  data-column-margin=\"default\" data-midnight=\"dark\"  class=\"wpb_row vc_row-fluid vc_row full-width-section vc_row-o-equal-height vc_row-flex vc_row-o-content-middle\"  style=\"padding-top: 0px; padding-bottom: 0px; \"><div class=\"row-bg-wrap\" data-bg-animation=\"none\" data-bg-animation-delay=\"\" data-bg-overlay=\"false\"><div class=\"inner-wrap row-bg-layer\" ><div class=\"row-bg viewport-desktop\"  style=\"\"><\/div><\/div><\/div><div class=\"row_col_wrap_12 col span_12 dark left\">\n\t<div style=\"\" class=\"vc_col-sm-3 wpb_column column_container vc_column_container col padding-10-percent force-tablet-text-align-center force-phone-text-align-center inherit_tablet inherit_phone\" data-using-bg=\"true\" data-bg-cover=\"true\" data-padding-pos=\"all\" data-has-bg-color=\"false\" data-bg-color=\"\" data-bg-opacity=\"1\" data-animation=\"\" data-delay=\"0\" >\n\t\t<div class=\"vc_column-inner\" ><div class=\"column-image-bg-wrap column-bg-layer viewport-desktop\" data-bg-pos=\"center center\" data-bg-animation=\"none\" data-bg-overlay=\"false\"><div class=\"inner-wrap\"><div class=\"column-image-bg\" style=\" background-image: url('https:\/\/wearefrederick.org\/wp-content\/uploads\/2024\/09\/cropped-Logo-6-Shield-Only.png'); \"><\/div><\/div><\/div>\n\t\t\t<div class=\"wpb_wrapper\">\n\t\t\t\t\n\t\t\t<\/div> \n\t\t<\/div>\n\t<\/div> \n\n\t<div  class=\"vc_col-sm-9 wpb_column column_container vc_column_container col left_padding_desktop_3pct top_padding_desktop_5pct right_padding_desktop_3pct bottom_padding_desktop_5pct\"  data-padding-pos=\"all\" data-has-bg-color=\"false\" data-bg-color=\"\" data-bg-opacity=\"1\" data-animation=\"\" data-delay=\"0\" >\n\t\t<div class=\"vc_column-inner\" >\n\t\t\t<div class=\"wpb_wrapper\">\n\t\t\t\t\n<div class=\"wpb_text_column wpb_content_element\" >\n\t<h2><span style=\"color: #0a149f;\">CAMPEONES<\/span><\/h2>\n<p>CHAMPS es un sistema que se utiliza en la escuela primaria Frederick para mantener a los estudiantes concentrados, responsables y comprometidos con las tareas de clase. Cada letra representa una parte clave del comportamiento en el aula:<\/p>\n<ul>\n<li><strong>Conversaci\u00f3n<\/strong>\u00bfPueden hablar los estudiantes? \u00bfSobre qu\u00e9? \u00bfCon qui\u00e9n? \u00bfDurante cu\u00e1nto tiempo?<\/li>\n<li><strong>Ayuda<\/strong>:\u00bfC\u00f3mo pueden pedir ayuda los estudiantes? \u00bfQu\u00e9 deben hacer mientras esperan ayuda?<\/li>\n<li><strong>Actividad<\/strong>:\u00bfCu\u00e1l es el objetivo de la actividad? \u00bfQu\u00e9 deber\u00edan hacer los estudiantes?<\/li>\n<li><strong>Movimiento<\/strong>:\u00bfLos estudiantes pueden levantarse de sus asientos? \u00bfNecesitan permiso?<\/li>\n<li><strong>Participaci\u00f3n<\/strong>:\u00bfQu\u00e9 demuestra que los estudiantes participan o no?<\/li>\n<li><strong>\u00c9xito<\/strong>\u00a1Cuando los estudiantes siguen el m\u00e9todo CHAMPS, tienen \u00e9xito!<\/li>\n<\/ul>\n<\/div>\n\n\n\n\n\t\t\t<\/div> \n\t\t<\/div>\n\t<\/div> \n<\/div><\/div>","protected":false},"excerpt":{"rendered":"The FES Way Pr\u00e1cticas Restaurativas Utilizamos el programa de Pr\u00e1cticas Restaurativas para construir una comunidad positiva y reducir los conflictos en nuestra escuela. Desarrollado por el Instituto Internacional de Pr\u00e1cticas...","protected":false},"author":2,"featured_media":0,"parent":0,"menu_order":0,"comment_status":"closed","ping_status":"closed","template":"","meta":{"footnotes":""},"class_list":["post-105","page","type-page","status-publish"],"yoast_head":"<!-- This site is optimized with the Yoast SEO plugin v27.5 - https:\/\/yoast.com\/product\/yoast-seo-wordpress\/ -->\n<title>The FES Way | Frederick Elementary School | Baltimore City Charter School<\/title>\n<meta name=\"description\" content=\"Wolfe Street Academy is a neighborhood charter school operated by the Baltimore Curriculum Project.\" \/>\n<meta name=\"robots\" content=\"index, follow, max-snippet:-1, max-image-preview:large, max-video-preview:-1\" \/>\n<link rel=\"canonical\" href=\"https:\/\/wearefrederick.org\/es\/thefesway\/\" \/>\n<meta property=\"og:locale\" content=\"es_ES\" \/>\n<meta property=\"og:type\" content=\"article\" \/>\n<meta property=\"og:title\" content=\"The FES Way | Frederick Elementary School | Baltimore City Charter School\" \/>\n<meta property=\"og:description\" content=\"Wolfe Street Academy is a neighborhood charter school operated by the Baltimore Curriculum Project.\" \/>\n<meta property=\"og:url\" content=\"https:\/\/wearefrederick.org\/es\/thefesway\/\" \/>\n<meta property=\"og:site_name\" content=\"Frederick Elementary School\" \/>\n<meta property=\"article:publisher\" content=\"https:\/\/www.facebook.com\/Pimlico223\" \/>\n<meta property=\"article:modified_time\" content=\"2024-10-28T17:59:58+00:00\" \/>\n<meta name=\"twitter:card\" content=\"summary_large_image\" \/>\n<meta name=\"twitter:label1\" content=\"Est. reading time\" \/>\n\t<meta name=\"twitter:data1\" content=\"4 minutos\" \/>\n<script type=\"application\/ld+json\" class=\"yoast-schema-graph\">{\"@context\":\"https:\\\/\\\/schema.org\",\"@graph\":[{\"@type\":\"WebPage\",\"@id\":\"https:\\\/\\\/wearefrederick.org\\\/thefesway\\\/\",\"url\":\"https:\\\/\\\/wearefrederick.org\\\/thefesway\\\/\",\"name\":\"The FES Way | Frederick Elementary School | Baltimore City Charter School\",\"isPartOf\":{\"@id\":\"https:\\\/\\\/wearefrederick.org\\\/#website\"},\"datePublished\":\"2022-09-14T16:38:09+00:00\",\"dateModified\":\"2024-10-28T17:59:58+00:00\",\"description\":\"Wolfe Street Academy is a neighborhood charter school operated by the Baltimore Curriculum Project.\",\"breadcrumb\":{\"@id\":\"https:\\\/\\\/wearefrederick.org\\\/thefesway\\\/#breadcrumb\"},\"inLanguage\":\"es\",\"potentialAction\":[{\"@type\":\"ReadAction\",\"target\":[\"https:\\\/\\\/wearefrederick.org\\\/thefesway\\\/\"]}]},{\"@type\":\"BreadcrumbList\",\"@id\":\"https:\\\/\\\/wearefrederick.org\\\/thefesway\\\/#breadcrumb\",\"itemListElement\":[{\"@type\":\"ListItem\",\"position\":1,\"name\":\"Home\",\"item\":\"https:\\\/\\\/wearefrederick.org\\\/\"},{\"@type\":\"ListItem\",\"position\":2,\"name\":\"The FES Way\"}]},{\"@type\":\"WebSite\",\"@id\":\"https:\\\/\\\/wearefrederick.org\\\/#website\",\"url\":\"https:\\\/\\\/wearefrederick.org\\\/\",\"name\":\"Frederick Elementary School\",\"description\":\"A Neighborhood Charter School of Baltimore Curriculum Project\",\"publisher\":{\"@id\":\"https:\\\/\\\/wearefrederick.org\\\/#organization\"},\"potentialAction\":[{\"@type\":\"SearchAction\",\"target\":{\"@type\":\"EntryPoint\",\"urlTemplate\":\"https:\\\/\\\/wearefrederick.org\\\/?s={search_term_string}\"},\"query-input\":{\"@type\":\"PropertyValueSpecification\",\"valueRequired\":true,\"valueName\":\"search_term_string\"}}],\"inLanguage\":\"es\"},{\"@type\":\"Organization\",\"@id\":\"https:\\\/\\\/wearefrederick.org\\\/#organization\",\"name\":\"Frederick Elementary School\",\"url\":\"https:\\\/\\\/wearefrederick.org\\\/\",\"logo\":{\"@type\":\"ImageObject\",\"inLanguage\":\"es\",\"@id\":\"https:\\\/\\\/wearefrederick.org\\\/#\\\/schema\\\/logo\\\/image\\\/\",\"url\":\"https:\\\/\\\/wolfestreet.wpengine.com\\\/wp-content\\\/uploads\\\/2022\\\/09\\\/pimlico_logo_tagline.jpg\",\"contentUrl\":\"https:\\\/\\\/wolfestreet.wpengine.com\\\/wp-content\\\/uploads\\\/2022\\\/09\\\/pimlico_logo_tagline.jpg\",\"width\":488,\"height\":185,\"caption\":\"Frederick Elementary School\"},\"image\":{\"@id\":\"https:\\\/\\\/wearefrederick.org\\\/#\\\/schema\\\/logo\\\/image\\\/\"},\"sameAs\":[\"https:\\\/\\\/www.facebook.com\\\/Pimlico223\",\"https:\\\/\\\/www.instagram.com\\\/pimlico223\\\/\"]}]}<\/script>\n<!-- \/ Yoast SEO plugin. -->","yoast_head_json":{"title":"El estilo FES | Escuela primaria Frederick | Escuela Charter de la ciudad de Baltimore","description":"Wolfe Street Academy es una escuela concertada de barrio gestionada por el Baltimore Curriculum Project.","robots":{"index":"index","follow":"follow","max-snippet":"max-snippet:-1","max-image-preview":"max-image-preview:large","max-video-preview":"max-video-preview:-1"},"canonical":"https:\/\/wearefrederick.org\/es\/thefesway\/","og_locale":"es_ES","og_type":"article","og_title":"The FES Way | Frederick Elementary School | Baltimore City Charter School","og_description":"Wolfe Street Academy is a neighborhood charter school operated by the Baltimore Curriculum Project.","og_url":"https:\/\/wearefrederick.org\/es\/thefesway\/","og_site_name":"Frederick Elementary School","article_publisher":"https:\/\/www.facebook.com\/Pimlico223","article_modified_time":"2024-10-28T17:59:58+00:00","twitter_card":"summary_large_image","twitter_misc":{"Est. reading time":"4 minutos"},"schema":{"@context":"https:\/\/schema.org","@graph":[{"@type":"WebPage","@id":"https:\/\/wearefrederick.org\/thefesway\/","url":"https:\/\/wearefrederick.org\/thefesway\/","name":"El estilo FES | Escuela primaria Frederick | Escuela Charter de la ciudad de Baltimore","isPartOf":{"@id":"https:\/\/wearefrederick.org\/#website"},"datePublished":"2022-09-14T16:38:09+00:00","dateModified":"2024-10-28T17:59:58+00:00","description":"Wolfe Street Academy es una escuela concertada de barrio gestionada por el Baltimore Curriculum Project.","breadcrumb":{"@id":"https:\/\/wearefrederick.org\/thefesway\/#breadcrumb"},"inLanguage":"es","potentialAction":[{"@type":"ReadAction","target":["https:\/\/wearefrederick.org\/thefesway\/"]}]},{"@type":"BreadcrumbList","@id":"https:\/\/wearefrederick.org\/thefesway\/#breadcrumb","itemListElement":[{"@type":"ListItem","position":1,"name":"Home","item":"https:\/\/wearefrederick.org\/"},{"@type":"ListItem","position":2,"name":"The FES Way"}]},{"@type":"WebSite","@id":"https:\/\/wearefrederick.org\/#website","url":"https:\/\/wearefrederick.org\/","name":"Frederick Elementary School","description":"Un proyecto curricular de la Neighborhood Charter School de Baltimore","publisher":{"@id":"https:\/\/wearefrederick.org\/#organization"},"potentialAction":[{"@type":"SearchAction","target":{"@type":"EntryPoint","urlTemplate":"https:\/\/wearefrederick.org\/?s={search_term_string}"},"query-input":{"@type":"PropertyValueSpecification","valueRequired":true,"valueName":"search_term_string"}}],"inLanguage":"es"},{"@type":"Organization","@id":"https:\/\/wearefrederick.org\/#organization","name":"Frederick Elementary School","url":"https:\/\/wearefrederick.org\/","logo":{"@type":"ImageObject","inLanguage":"es","@id":"https:\/\/wearefrederick.org\/#\/schema\/logo\/image\/","url":"https:\/\/wolfestreet.wpengine.com\/wp-content\/uploads\/2022\/09\/pimlico_logo_tagline.jpg","contentUrl":"https:\/\/wolfestreet.wpengine.com\/wp-content\/uploads\/2022\/09\/pimlico_logo_tagline.jpg","width":488,"height":185,"caption":"Frederick Elementary School"},"image":{"@id":"https:\/\/wearefrederick.org\/#\/schema\/logo\/image\/"},"sameAs":["https:\/\/www.facebook.com\/Pimlico223","https:\/\/www.instagram.com\/pimlico223\/"]}]}},"featured_image_src":null,"featured_image_src_square":null,"_links":{"self":[{"href":"https:\/\/wearefrederick.org\/es\/wp-json\/wp\/v2\/pages\/105","targetHints":{"allow":["GET"]}}],"collection":[{"href":"https:\/\/wearefrederick.org\/es\/wp-json\/wp\/v2\/pages"}],"about":[{"href":"https:\/\/wearefrederick.org\/es\/wp-json\/wp\/v2\/types\/page"}],"author":[{"embeddable":true,"href":"https:\/\/wearefrederick.org\/es\/wp-json\/wp\/v2\/users\/2"}],"replies":[{"embeddable":true,"href":"https:\/\/wearefrederick.org\/es\/wp-json\/wp\/v2\/comments?post=105"}],"version-history":[{"count":0,"href":"https:\/\/wearefrederick.org\/es\/wp-json\/wp\/v2\/pages\/105\/revisions"}],"wp:attachment":[{"href":"https:\/\/wearefrederick.org\/es\/wp-json\/wp\/v2\/media?parent=105"}],"curies":[{"name":"wp","href":"https:\/\/api.w.org\/{rel}","templated":true}]}}